{"id":406,"date":"2021-12-28T07:57:14","date_gmt":"2021-12-28T07:57:14","guid":{"rendered":"http:\/\/jhasabrokers.com\/?page_id=406"},"modified":"2022-10-14T14:45:33","modified_gmt":"2022-10-14T14:45:33","slug":"contact","status":"publish","type":"page","link":"https:\/\/jjhasa.com\/es\/contact","title":{"rendered":"Contacto"},"content":{"rendered":"\t\t<div data-elementor-type=\"wp-page\" data-elementor-id=\"406\" class=\"elementor elementor-406\" data-elementor-post-type=\"page\">\n\t\t\t\t\t\t<section class=\"elementor-section elementor-top-section elementor-element elementor-element-04c0b50 elementor-section-boxed elementor-section-height-default elementor-section-height-default\" data-id=\"04c0b50\" data-element_type=\"section\" data-e-type=\"section\">\n\t\t\t\t\t\t<div class=\"elementor-container elementor-column-gap-wider\">\n\t\t\t\t\t<div class=\"elementor-column elementor-col-50 elementor-top-column elementor-element elementor-element-dccec10\" data-id=\"dccec10\" data-element_type=\"column\" data-e-type=\"column\">\n\t\t\t<div class=\"elementor-widget-wrap elementor-element-populated\">\n\t\t\t\t\t\t<div class=\"elementor-element elementor-element-2b29e02 elementor-widget elementor-widget-heading\" data-id=\"2b29e02\" data-element_type=\"widget\" data-e-type=\"widget\" data-widget_type=\"heading.default\">\n\t\t\t\t<div class=\"elementor-widget-container\">\n\t\t\t\t\t<h3 class=\"elementor-heading-title elementor-size-default\">Contact us<\/h3>\t\t\t\t<\/div>\n\t\t\t\t<\/div>\n\t\t\t\t<div class=\"elementor-element elementor-element-c932c50 elementor-widget elementor-widget-text-editor\" data-id=\"c932c50\" data-element_type=\"widget\" data-e-type=\"widget\" data-widget_type=\"text-editor.default\">\n\t\t\t\t<div class=\"elementor-widget-container\">\n\t\t\t\t\t\t\t\t\t<p>If you would like to receive more information contact us or call us and our team of professionals will help you find the best solutions for your project.<\/p>\t\t\t\t\t\t\t\t<\/div>\n\t\t\t\t<\/div>\n\t\t\t\t<div class=\"elementor-element elementor-element-27363b6 elementor-list-item-link-inline elementor-widget__width-auto elementor-icon-list--layout-traditional elementor-widget elementor-widget-icon-list\" data-id=\"27363b6\" data-element_type=\"widget\" data-e-type=\"widget\" data-widget_type=\"icon-list.default\">\n\t\t\t\t<div class=\"elementor-widget-container\">\n\t\t\t\t\t\t\t<ul class=\"elementor-icon-list-items\">\n\t\t\t\t\t\t\t<li class=\"elementor-icon-list-item\">\n\t\t\t\t\t\t\t\t\t\t\t<a href=\"tel:+34917527686\">\n\n\t\t\t\t\t\t\t\t\t\t\t\t<span class=\"elementor-icon-list-icon\">\n\t\t\t\t\t\t\t<svg aria-hidden=\"true\" class=\"e-font-icon-svg e-fas-phone-alt\" viewBox=\"0 0 512 512\" xmlns=\"http:\/\/www.w3.org\/2000\/svg\"><path d=\"M497.39 361.8l-112-48a24 24 0 0 0-28 6.9l-49.6 60.6A370.66 370.66 0 0 1 130.6 204.11l60.6-49.6a23.94 23.94 0 0 0 6.9-28l-48-112A24.16 24.16 0 0 0 122.6.61l-104 24A24 24 0 0 0 0 48c0 256.5 207.9 464 464 464a24 24 0 0 0 23.4-18.6l24-104a24.29 24.29 0 0 0-14.01-27.6z\"><\/path><\/svg>\t\t\t\t\t\t<\/span>\n\t\t\t\t\t\t\t\t\t\t<span class=\"elementor-icon-list-text\">+34 91 752 76 86<\/span>\n\t\t\t\t\t\t\t\t\t\t\t<\/a>\n\t\t\t\t\t\t\t\t\t<\/li>\n\t\t\t\t\t\t\t\t<li class=\"elementor-icon-list-item\">\n\t\t\t\t\t\t\t\t\t\t\t<a href=\"mailto:info@jhasabrokers.com\">\n\n\t\t\t\t\t\t\t\t\t\t\t\t<span class=\"elementor-icon-list-icon\">\n\t\t\t\t\t\t\t<svg aria-hidden=\"true\" class=\"e-font-icon-svg e-fas-envelope\" viewBox=\"0 0 512 512\" xmlns=\"http:\/\/www.w3.org\/2000\/svg\"><path d=\"M502.3 190.8c3.9-3.1 9.7-.2 9.7 4.7V400c0 26.5-21.5 48-48 48H48c-26.5 0-48-21.5-48-48V195.6c0-5 5.7-7.8 9.7-4.7 22.4 17.4 52.1 39.5 154.1 113.6 21.1 15.4 56.7 47.8 92.2 47.6 35.7.3 72-32.8 92.3-47.6 102-74.1 131.6-96.3 154-113.7zM256 320c23.2.4 56.6-29.2 73.4-41.4 132.7-96.3 142.8-104.7 173.4-128.7 5.8-4.5 9.2-11.5 9.2-18.9v-19c0-26.5-21.5-48-48-48H48C21.5 64 0 85.5 0 112v19c0 7.4 3.4 14.3 9.2 18.9 30.6 23.9 40.7 32.4 173.4 128.7 16.8 12.2 50.2 41.8 73.4 41.4z\"><\/path><\/svg>\t\t\t\t\t\t<\/span>\n\t\t\t\t\t\t\t\t\t\t<span class=\"elementor-icon-list-text\">info@jhasabrokers.com<\/span>\n\t\t\t\t\t\t\t\t\t\t\t<\/a>\n\t\t\t\t\t\t\t\t\t<\/li>\n\t\t\t\t\t\t<\/ul>\n\t\t\t\t\t\t<\/div>\n\t\t\t\t<\/div>\n\t\t\t\t\t<\/div>\n\t\t<\/div>\n\t\t\t\t<div class=\"elementor-column elementor-col-50 elementor-top-column elementor-element elementor-element-3d8dbbc\" data-id=\"3d8dbbc\" data-element_type=\"column\" data-e-type=\"column\">\n\t\t\t<div class=\"elementor-widget-wrap elementor-element-populated\">\n\t\t\t\t\t\t<div class=\"elementor-element elementor-element-f43cb64 elementor-button-align-end elementor-widget elementor-widget-form\" data-id=\"f43cb64\" data-element_type=\"widget\" data-e-type=\"widget\" data-settings=\"{&quot;step_next_label&quot;:&quot;Next&quot;,&quot;step_previous_label&quot;:&quot;Previous&quot;,&quot;button_width&quot;:&quot;100&quot;,&quot;step_type&quot;:&quot;number_text&quot;,&quot;step_icon_shape&quot;:&quot;circle&quot;}\" data-widget_type=\"form.default\">\n\t\t\t\t<div class=\"elementor-widget-container\">\n\t\t\t\t\t\t\t<form class=\"elementor-form\" method=\"post\" name=\"New Form\" aria-label=\"New Form\">\n\t\t\t<input type=\"hidden\" name=\"post_id\" value=\"406\"\/>\n\t\t\t<input type=\"hidden\" name=\"form_id\" value=\"f43cb64\"\/>\n\t\t\t<input type=\"hidden\" name=\"referer_title\" value=\"Contact &#187; Jhasa - Insurance and Reinsurance Broker especializada en Construcci\u00f3n y Energ\u00eda.\" \/>\n\n\t\t\t\t\t\t\t<input type=\"hidden\" name=\"queried_id\" value=\"406\"\/>\n\t\t\t\n\t\t\t<div class=\"elementor-form-fields-wrapper elementor-labels-\">\n\t\t\t\t\t\t\t\t<div class=\"elementor-field-type-text elementor-field-group elementor-column elementor-field-group-name elementor-col-100 elementor-field-required\">\n\t\t\t\t\t\t\t\t\t\t\t\t<label for=\"form-field-name\" class=\"elementor-field-label elementor-screen-only\">\n\t\t\t\t\t\t\t\tName\t\t\t\t\t\t\t<\/label>\n\t\t\t\t\t\t\t\t\t\t\t\t\t\t<input size=\"1\" type=\"text\" name=\"form_fields[name]\" id=\"form-field-name\" class=\"elementor-field elementor-size-sm  elementor-field-textual\" placeholder=\"Name\" required=\"required\">\n\t\t\t\t\t\t\t\t\t\t\t<\/div>\n\t\t\t\t\t\t\t\t<div class=\"elementor-field-type-email elementor-field-group elementor-column elementor-field-group-email elementor-col-50 elementor-field-required\">\n\t\t\t\t\t\t\t\t\t\t\t\t<label for=\"form-field-email\" class=\"elementor-field-label elementor-screen-only\">\n\t\t\t\t\t\t\t\tEmail\t\t\t\t\t\t\t<\/label>\n\t\t\t\t\t\t\t\t\t\t\t\t\t\t<input size=\"1\" type=\"email\" name=\"form_fields[email]\" id=\"form-field-email\" class=\"elementor-field elementor-size-sm  elementor-field-textual\" placeholder=\"Email\" required=\"required\">\n\t\t\t\t\t\t\t\t\t\t\t<\/div>\n\t\t\t\t\t\t\t\t<div class=\"elementor-field-type-tel elementor-field-group elementor-column elementor-field-group-field_25d66c6 elementor-col-50 elementor-field-required\">\n\t\t\t\t\t\t\t\t\t\t\t\t<label for=\"form-field-field_25d66c6\" class=\"elementor-field-label elementor-screen-only\">\n\t\t\t\t\t\t\t\tPhone\t\t\t\t\t\t\t<\/label>\n\t\t\t\t\t\t\t\t<input size=\"1\" type=\"tel\" name=\"form_fields[field_25d66c6]\" id=\"form-field-field_25d66c6\" class=\"elementor-field elementor-size-sm  elementor-field-textual\" placeholder=\"Phone\" required=\"required\" pattern=\"[0-9()#&amp;+*-=.]+\" title=\"Solo se aceptan n\u00fameros y caracteres de tel\u00e9fono (#,-,*,etc).\">\n\n\t\t\t\t\t\t<\/div>\n\t\t\t\t\t\t\t\t<div class=\"elementor-field-type-textarea elementor-field-group elementor-column elementor-field-group-message elementor-col-100\">\n\t\t\t\t\t\t\t\t\t\t\t\t<label for=\"form-field-message\" class=\"elementor-field-label elementor-screen-only\">\n\t\t\t\t\t\t\t\tMessage\t\t\t\t\t\t\t<\/label>\n\t\t\t\t\t\t<textarea class=\"elementor-field-textual elementor-field  elementor-size-sm\" name=\"form_fields[message]\" id=\"form-field-message\" rows=\"4\" placeholder=\"Message\"><\/textarea>\t\t\t\t<\/div>\n\t\t\t\t\t\t\t\t<div class=\"elementor-field-type-acceptance elementor-field-group elementor-column elementor-field-group-field_fc2c403 elementor-col-100 elementor-field-required\">\n\t\t\t\t\t\t\t<div class=\"elementor-field-subgroup\">\n\t\t\t<span class=\"elementor-field-option\">\n\t\t\t\t<input type=\"checkbox\" name=\"form_fields[field_fc2c403]\" id=\"form-field-field_fc2c403\" class=\"elementor-field elementor-size-sm  elementor-acceptance-field\" required=\"required\">\n\t\t\t\t<label for=\"form-field-field_fc2c403\">I have read and accept the <a href=\"http:\/\/jhasabrokers.com\/legal-warning\/\" target=\"_blank\"> Legal Warning <\/a> and the <a href=\"http:\/\/jhasabrokers.com\/privacy-policy\/\" target=\"_blank\">Privacy Policy<\/a><\/label>\t\t\t<\/span>\n\t\t<\/div>\n\t\t\t\t\t\t<\/div>\n\t\t\t\t\t\t\t\t<div class=\"elementor-field-type-text\">\n\t\t\t\t\t<input size=\"1\" type=\"text\" name=\"form_fields[field_e2f9eb7]\" id=\"form-field-field_e2f9eb7\" class=\"elementor-field elementor-size-sm \" style=\"display:none !important;\">\t\t\t\t<\/div>\n\t\t\t\t\t\t\t\t<div class=\"elementor-field-group elementor-column elementor-field-type-submit elementor-col-100 e-form__buttons\">\n\t\t\t\t\t<button class=\"elementor-button elementor-size-sm\" type=\"submit\">\n\t\t\t\t\t\t<span class=\"elementor-button-content-wrapper\">\n\t\t\t\t\t\t\t\t\t\t\t\t\t\t\t\t\t\t\t\t\t\t<span class=\"elementor-button-text\">Send<\/span>\n\t\t\t\t\t\t\t\t\t\t\t\t\t<\/span>\n\t\t\t\t\t<\/button>\n\t\t\t\t<\/div>\n\t\t\t<\/div>\n\t\t<\/form>\n\t\t\t\t\t\t<\/div>\n\t\t\t\t<\/div>\n\t\t\t\t\t<\/div>\n\t\t<\/div>\n\t\t\t\t\t<\/div>\n\t\t<\/section>\n\t\t\t\t<section class=\"elementor-section elementor-top-section elementor-element elementor-element-42e11dc elementor-section-full_width elementor-hidden-desktop elementor-hidden-tablet elementor-hidden-mobile elementor-section-height-default elementor-section-height-default\" data-id=\"42e11dc\" data-element_type=\"section\" data-e-type=\"section\">\n\t\t\t\t\t\t<div class=\"elementor-container elementor-column-gap-no\">\n\t\t\t\t\t<div class=\"elementor-column elementor-col-100 elementor-top-column elementor-element elementor-element-5ae257d\" data-id=\"5ae257d\" data-element_type=\"column\" data-e-type=\"column\">\n\t\t\t<div class=\"elementor-widget-wrap elementor-element-populated\">\n\t\t\t\t\t\t<div class=\"elementor-element elementor-element-3b3a2e4 elementor-widget elementor-widget-google_maps\" data-id=\"3b3a2e4\" data-element_type=\"widget\" data-e-type=\"widget\" data-widget_type=\"google_maps.default\">\n\t\t\t\t<div class=\"elementor-widget-container\">\n\t\t\t\t\t\t\t<div class=\"elementor-custom-embed\">\n\t\t\t<iframe loading=\"lazy\"\n\t\t\t\t\tsrc=\"https:\/\/www.google.com\/maps\/embed\/v1\/place?key=AIzaSyAjmWR3W6t2rTKkw6wbMUq9JqJO2Rskw8Q&#038;q=C%2F%20Pr%C3%ADncipe%20de%20Vergara%2C%2043&#038;zoom=15\"\n\t\t\t\t\ttitle=\"C\/ Pr\u00edncipe de Vergara, 43\"\n\t\t\t\t\taria-label=\"C\/ Pr\u00edncipe de Vergara, 43\"\n\t\t\t><\/iframe>\n\t\t<\/div>\n\t\t\t\t\t\t<\/div>\n\t\t\t\t<\/div>\n\t\t\t\t\t<\/div>\n\t\t<\/div>\n\t\t\t\t\t<\/div>\n\t\t<\/section>\n\t\t\t\t<\/div>\n\t\t","protected":false},"excerpt":{"rendered":"<p>Contact us If you would like to receive more information contact us or call us and our team of professionals will help you find the best solutions for your project. +34 91 752 76 86 info@jhasabrokers.com<\/p>","protected":false},"author":4,"featured_media":714,"parent":0,"menu_order":0,"comment_status":"closed","ping_status":"closed","template":"","meta":{"_acf_changed":false,"postBodyCss":"","postBodyMargin":[],"postBodyPadding":[],"postBodyBackground":{"backgroundType":"classic","gradient":""},"footnotes":""},"class_list":["post-406","page","type-page","status-publish","has-post-thumbnail"],"acf":[],"yoast_head":"<!-- This site is optimized with the Yoast SEO plugin v27.3 - https:\/\/yoast.com\/product\/yoast-seo-wordpress\/ -->\n<title>Contact &#187; Jhasa - Insurance and Reinsurance Broker especializada en Construcci\u00f3n y Energ\u00eda.<\/title>\n<meta name=\"robots\" content=\"index, follow, max-snippet:-1, max-image-preview:large, max-video-preview:-1\" \/>\n<link rel=\"canonical\" href=\"https:\/\/jjhasa.com\/es\/contact\/\" \/>\n<meta property=\"og:locale\" content=\"es_ES\" \/>\n<meta property=\"og:type\" content=\"article\" \/>\n<meta property=\"og:title\" content=\"Contact &#187; Jhasa - Insurance and Reinsurance Broker especializada en Construcci\u00f3n y Energ\u00eda.\" \/>\n<meta property=\"og:description\" content=\"Contact us If you would like to receive more information contact us or call us and our team of professionals will help you find the best solutions for your project. +34 91 752 76 86 info@jhasabrokers.com\" \/>\n<meta property=\"og:url\" content=\"https:\/\/jjhasa.com\/es\/contact\/\" \/>\n<meta property=\"og:site_name\" content=\"Jhasa - Insurance and Reinsurance Broker especializada en Construcci\u00f3n y Energ\u00eda.\" \/>\n<meta property=\"article:modified_time\" content=\"2022-10-14T14:45:33+00:00\" \/>\n<meta property=\"og:image\" content=\"https:\/\/jjhasa.com\/wp-content\/uploads\/2022\/01\/cabecera-contacto-jhasa-brokers.jpg\" \/>\n\t<meta property=\"og:image:width\" content=\"1920\" \/>\n\t<meta property=\"og:image:height\" content=\"400\" \/>\n\t<meta property=\"og:image:type\" content=\"image\/jpeg\" \/>\n<meta name=\"twitter:card\" content=\"summary_large_image\" \/>\n<meta name=\"twitter:label1\" content=\"Tiempo de lectura\" \/>\n\t<meta name=\"twitter:data1\" content=\"1 minuto\" \/>\n<script type=\"application\/ld+json\" class=\"yoast-schema-graph\">{\"@context\":\"https:\\\/\\\/schema.org\",\"@graph\":[{\"@type\":\"WebPage\",\"@id\":\"https:\\\/\\\/jjhasa.com\\\/contact\",\"url\":\"https:\\\/\\\/jjhasa.com\\\/contact\",\"name\":\"Contact &#187; Jhasa - Insurance and Reinsurance Broker especializada en Construcci\u00f3n y Energ\u00eda.\",\"isPartOf\":{\"@id\":\"https:\\\/\\\/jjhasa.com\\\/#website\"},\"primaryImageOfPage\":{\"@id\":\"https:\\\/\\\/jjhasa.com\\\/contact#primaryimage\"},\"image\":{\"@id\":\"https:\\\/\\\/jjhasa.com\\\/contact#primaryimage\"},\"thumbnailUrl\":\"https:\\\/\\\/jjhasa.com\\\/wp-content\\\/uploads\\\/2022\\\/01\\\/cabecera-contacto-jhasa-brokers.jpg\",\"datePublished\":\"2021-12-28T07:57:14+00:00\",\"dateModified\":\"2022-10-14T14:45:33+00:00\",\"breadcrumb\":{\"@id\":\"https:\\\/\\\/jjhasa.com\\\/contact#breadcrumb\"},\"inLanguage\":\"es\",\"potentialAction\":[{\"@type\":\"ReadAction\",\"target\":[\"https:\\\/\\\/jjhasa.com\\\/contact\"]}]},{\"@type\":\"ImageObject\",\"inLanguage\":\"es\",\"@id\":\"https:\\\/\\\/jjhasa.com\\\/contact#primaryimage\",\"url\":\"https:\\\/\\\/jjhasa.com\\\/wp-content\\\/uploads\\\/2022\\\/01\\\/cabecera-contacto-jhasa-brokers.jpg\",\"contentUrl\":\"https:\\\/\\\/jjhasa.com\\\/wp-content\\\/uploads\\\/2022\\\/01\\\/cabecera-contacto-jhasa-brokers.jpg\",\"width\":1920,\"height\":400},{\"@type\":\"BreadcrumbList\",\"@id\":\"https:\\\/\\\/jjhasa.com\\\/contact#breadcrumb\",\"itemListElement\":[{\"@type\":\"ListItem\",\"position\":1,\"name\":\"Portada\",\"item\":\"https:\\\/\\\/jjhasa.com\\\/es\\\/\"},{\"@type\":\"ListItem\",\"position\":2,\"name\":\"Contact\"}]},{\"@type\":\"WebSite\",\"@id\":\"https:\\\/\\\/jjhasa.com\\\/#website\",\"url\":\"https:\\\/\\\/jjhasa.com\\\/\",\"name\":\"Jhasa - Insurance and Reinsurance Broker especializada en Construcci\u00f3n y Energ\u00eda.\",\"description\":\"Jhasa es una corredur\u00eda de seguros y reaseguros especializado en Construcci\u00f3n y Energ\u00eda. Tel\u00e9fono: +34 91 752 76 86\",\"publisher\":{\"@id\":\"https:\\\/\\\/jjhasa.com\\\/#organization\"},\"potentialAction\":[{\"@type\":\"SearchAction\",\"target\":{\"@type\":\"EntryPoint\",\"urlTemplate\":\"https:\\\/\\\/jjhasa.com\\\/?s={search_term_string}\"},\"query-input\":{\"@type\":\"PropertyValueSpecification\",\"valueRequired\":true,\"valueName\":\"search_term_string\"}}],\"inLanguage\":\"es\"},{\"@type\":\"Organization\",\"@id\":\"https:\\\/\\\/jjhasa.com\\\/#organization\",\"name\":\"Jhasa - Insurance and Reinsurance Broker especializada en Construcci\u00f3n y Energ\u00eda.\",\"url\":\"https:\\\/\\\/jjhasa.com\\\/\",\"logo\":{\"@type\":\"ImageObject\",\"inLanguage\":\"es\",\"@id\":\"https:\\\/\\\/jjhasa.com\\\/#\\\/schema\\\/logo\\\/image\\\/\",\"url\":\"https:\\\/\\\/jjhasa.com\\\/wp-content\\\/uploads\\\/2021\\\/11\\\/imagotipo-Jhasa.svg\",\"contentUrl\":\"https:\\\/\\\/jjhasa.com\\\/wp-content\\\/uploads\\\/2021\\\/11\\\/imagotipo-Jhasa.svg\",\"width\":300,\"height\":85,\"caption\":\"Jhasa - Insurance and Reinsurance Broker especializada en Construcci\u00f3n y Energ\u00eda.\"},\"image\":{\"@id\":\"https:\\\/\\\/jjhasa.com\\\/#\\\/schema\\\/logo\\\/image\\\/\"}}]}<\/script>\n<!-- \/ Yoast SEO plugin. -->","yoast_head_json":{"title":"Contact &#187; Jhasa - Insurance and Reinsurance Broker especializada en Construcci\u00f3n y Energ\u00eda.","robots":{"index":"index","follow":"follow","max-snippet":"max-snippet:-1","max-image-preview":"max-image-preview:large","max-video-preview":"max-video-preview:-1"},"canonical":"https:\/\/jjhasa.com\/es\/contact\/","og_locale":"es_ES","og_type":"article","og_title":"Contact &#187; Jhasa - Insurance and Reinsurance Broker especializada en Construcci\u00f3n y Energ\u00eda.","og_description":"Contact us If you would like to receive more information contact us or call us and our team of professionals will help you find the best solutions for your project. +34 91 752 76 86 info@jhasabrokers.com","og_url":"https:\/\/jjhasa.com\/es\/contact\/","og_site_name":"Jhasa - Insurance and Reinsurance Broker especializada en Construcci\u00f3n y Energ\u00eda.","article_modified_time":"2022-10-14T14:45:33+00:00","og_image":[{"width":1920,"height":400,"url":"https:\/\/jjhasa.com\/wp-content\/uploads\/2022\/01\/cabecera-contacto-jhasa-brokers.jpg","type":"image\/jpeg"}],"twitter_card":"summary_large_image","twitter_misc":{"Tiempo de lectura":"1 minuto"},"schema":{"@context":"https:\/\/schema.org","@graph":[{"@type":"WebPage","@id":"https:\/\/jjhasa.com\/contact","url":"https:\/\/jjhasa.com\/contact","name":"Contact &#187; Jhasa - Insurance and Reinsurance Broker especializada en Construcci\u00f3n y Energ\u00eda.","isPartOf":{"@id":"https:\/\/jjhasa.com\/#website"},"primaryImageOfPage":{"@id":"https:\/\/jjhasa.com\/contact#primaryimage"},"image":{"@id":"https:\/\/jjhasa.com\/contact#primaryimage"},"thumbnailUrl":"https:\/\/jjhasa.com\/wp-content\/uploads\/2022\/01\/cabecera-contacto-jhasa-brokers.jpg","datePublished":"2021-12-28T07:57:14+00:00","dateModified":"2022-10-14T14:45:33+00:00","breadcrumb":{"@id":"https:\/\/jjhasa.com\/contact#breadcrumb"},"inLanguage":"es","potentialAction":[{"@type":"ReadAction","target":["https:\/\/jjhasa.com\/contact"]}]},{"@type":"ImageObject","inLanguage":"es","@id":"https:\/\/jjhasa.com\/contact#primaryimage","url":"https:\/\/jjhasa.com\/wp-content\/uploads\/2022\/01\/cabecera-contacto-jhasa-brokers.jpg","contentUrl":"https:\/\/jjhasa.com\/wp-content\/uploads\/2022\/01\/cabecera-contacto-jhasa-brokers.jpg","width":1920,"height":400},{"@type":"BreadcrumbList","@id":"https:\/\/jjhasa.com\/contact#breadcrumb","itemListElement":[{"@type":"ListItem","position":1,"name":"Portada","item":"https:\/\/jjhasa.com\/es\/"},{"@type":"ListItem","position":2,"name":"Contact"}]},{"@type":"WebSite","@id":"https:\/\/jjhasa.com\/#website","url":"https:\/\/jjhasa.com\/","name":"Jhasa - Insurance and Reinsurance Broker especializada en Construcci\u00f3n y Energ\u00eda.","description":"Jhasa es una corredur\u00eda de seguros y reaseguros especializado en Construcci\u00f3n y Energ\u00eda. Tel\u00e9fono: +34 91 752 76 86","publisher":{"@id":"https:\/\/jjhasa.com\/#organization"},"potentialAction":[{"@type":"SearchAction","target":{"@type":"EntryPoint","urlTemplate":"https:\/\/jjhasa.com\/?s={search_term_string}"},"query-input":{"@type":"PropertyValueSpecification","valueRequired":true,"valueName":"search_term_string"}}],"inLanguage":"es"},{"@type":"Organization","@id":"https:\/\/jjhasa.com\/#organization","name":"Jhasa - Insurance and Reinsurance Broker especializada en Construcci\u00f3n y Energ\u00eda.","url":"https:\/\/jjhasa.com\/","logo":{"@type":"ImageObject","inLanguage":"es","@id":"https:\/\/jjhasa.com\/#\/schema\/logo\/image\/","url":"https:\/\/jjhasa.com\/wp-content\/uploads\/2021\/11\/imagotipo-Jhasa.svg","contentUrl":"https:\/\/jjhasa.com\/wp-content\/uploads\/2021\/11\/imagotipo-Jhasa.svg","width":300,"height":85,"caption":"Jhasa - Insurance and Reinsurance Broker especializada en Construcci\u00f3n y Energ\u00eda."},"image":{"@id":"https:\/\/jjhasa.com\/#\/schema\/logo\/image\/"}}]}},"_links":{"self":[{"href":"https:\/\/jjhasa.com\/es\/wp-json\/wp\/v2\/pages\/406","targetHints":{"allow":["GET"]}}],"collection":[{"href":"https:\/\/jjhasa.com\/es\/wp-json\/wp\/v2\/pages"}],"about":[{"href":"https:\/\/jjhasa.com\/es\/wp-json\/wp\/v2\/types\/page"}],"author":[{"embeddable":true,"href":"https:\/\/jjhasa.com\/es\/wp-json\/wp\/v2\/users\/4"}],"replies":[{"embeddable":true,"href":"https:\/\/jjhasa.com\/es\/wp-json\/wp\/v2\/comments?post=406"}],"version-history":[{"count":0,"href":"https:\/\/jjhasa.com\/es\/wp-json\/wp\/v2\/pages\/406\/revisions"}],"wp:featuredmedia":[{"embeddable":true,"href":"https:\/\/jjhasa.com\/es\/wp-json\/wp\/v2\/media\/714"}],"wp:attachment":[{"href":"https:\/\/jjhasa.com\/es\/wp-json\/wp\/v2\/media?parent=406"}],"curies":[{"name":"wp","href":"https:\/\/api.w.org\/{rel}","templated":true}]}}