{"id":3939,"date":"2025-05-13T09:27:47","date_gmt":"2025-05-13T09:27:47","guid":{"rendered":"https:\/\/jhasabrokers.com\/?page_id=3939"},"modified":"2025-06-10T10:04:55","modified_gmt":"2025-06-10T10:04:55","slug":"public-sector","status":"publish","type":"page","link":"https:\/\/jjhasa.com\/es\/services\/public-sector","title":{"rendered":"Sector P\u00fablico"},"content":{"rendered":"<div data-elementor-type=\"wp-page\" data-elementor-id=\"3939\" class=\"elementor elementor-3939\" data-elementor-post-type=\"page\">\n\t\t\t\t\t\t<section class=\"elementor-section elementor-top-section elementor-element elementor-element-03fad0e elementor-section-full_width elementor-section-content-middle elementor-section-height-default elementor-section-height-default\" data-id=\"03fad0e\" data-element_type=\"section\" data-e-type=\"section\">\n\t\t\t\t\t\t<div class=\"elementor-container elementor-column-gap-default\">\n\t\t\t\t\t<div class=\"elementor-column elementor-col-100 elementor-top-column elementor-element elementor-element-843bb50\" data-id=\"843bb50\" data-element_type=\"column\" data-e-type=\"column\">\n\t\t\t<div class=\"elementor-widget-wrap elementor-element-populated\">\n\t\t\t\t\t\t<div class=\"elementor-element elementor-element-ef534ad elementor-widget-mobile__width-initial elementor-widget elementor-widget-heading\" data-id=\"ef534ad\" data-element_type=\"widget\" data-e-type=\"widget\" data-widget_type=\"heading.default\">\n\t\t\t\t<div class=\"elementor-widget-container\">\n\t\t\t\t\t<h2 class=\"elementor-heading-title elementor-size-default\">Las entidades del sector p\u00fablico enfrentan m\u00faltiples riesgos asociados a su gesti\u00f3n y operaci\u00f3n<\/h2>\t\t\t\t<\/div>\n\t\t\t\t<\/div>\n\t\t\t\t<div class=\"elementor-element elementor-element-2322649 elementor-widget-mobile__width-initial elementor-widget elementor-widget-text-editor\" data-id=\"2322649\" data-element_type=\"widget\" data-e-type=\"widget\" data-widget_type=\"text-editor.default\">\n\t\t\t\t<div class=\"elementor-widget-container\">\n\t\t\t\t\t\t\t\t\t<p>Desde la responsabilidad patrimonial por da\u00f1os a terceros, errores en la gesti\u00f3n, da\u00f1os materiales a infraestructuras o bienes necesarios para el desarrollo de la actividad, interrupci\u00f3n de servicios p\u00fablicos, riesgos cibern\u00e9ticos, hasta riesgos medioambientales y sociales.<\/p>\t\t\t\t\t\t\t\t<\/div>\n\t\t\t\t<\/div>\n\t\t\t\t\t<\/div>\n\t\t<\/div>\n\t\t\t\t\t<\/div>\n\t\t<\/section>\n\t\t\t\t<section class=\"elementor-section elementor-top-section elementor-element elementor-element-bd62b60 elementor-section-full_width elementor-section-content-middle elementor-section-stretched elementor-reverse-mobile elementor-section-height-default elementor-section-height-default\" data-id=\"bd62b60\" data-element_type=\"section\" data-e-type=\"section\" data-settings=\"{&quot;stretch_section&quot;:&quot;section-stretched&quot;,&quot;background_background&quot;:&quot;classic&quot;}\">\n\t\t\t\t\t\t<div class=\"elementor-container elementor-column-gap-default\">\n\t\t\t\t\t<div class=\"elementor-column elementor-col-50 elementor-top-column elementor-element elementor-element-0d4b805\" data-id=\"0d4b805\" data-element_type=\"column\" data-e-type=\"column\" data-settings=\"{&quot;background_background&quot;:&quot;classic&quot;}\">\n\t\t\t<div class=\"elementor-widget-wrap elementor-element-populated\">\n\t\t\t\t<div class=\"elementor-element elementor-element-0586a76 e-con-full e-flex e-con e-parent\" data-id=\"0586a76\" data-element_type=\"container\" data-e-type=\"container\">\n\t\t\t\t<div class=\"elementor-element elementor-element-ea9457c elementor-widget elementor-widget-elementskit-heading\" data-id=\"ea9457c\" data-element_type=\"widget\" data-e-type=\"widget\" data-widget_type=\"elementskit-heading.default\">\n\t\t\t\t<div class=\"elementor-widget-container\">\n\t\t\t\t\t<div class=\"ekit-wid-con\" ><div class=\"ekit-heading elementskit-section-title-wraper text_left   ekit_heading_tablet-   ekit_heading_mobile-\"><h2 class=\"ekit-heading--title elementskit-section-title\">En JHASA conjugamos el conocimiento de la legislaci\u00f3n aplicable, con una capacidad t\u00e9cnica de colocaci\u00f3n probada, para construir programas de seguros que se adapten a la estructura y complejidad de cada entidad. <\/h2><div class=\"ekit_heading_separetor_wraper ekit_heading_elementskit-border-divider ekit-dotted\"><div class=\"elementskit-border-divider ekit-dotted\"><\/div><\/div><\/div><\/div>\t\t\t\t<\/div>\n\t\t\t\t<\/div>\n\t\t\t\t<div class=\"elementor-element elementor-element-1a22b78 elementor-widget-mobile__width-initial elementor-widget elementor-widget-text-editor\" data-id=\"1a22b78\" data-element_type=\"widget\" data-e-type=\"widget\" data-widget_type=\"text-editor.default\">\n\t\t\t\t<div class=\"elementor-widget-container\">\n\t\t\t\t\t\t\t\t\t<p style=\"text-align: left;\">Entre nuestras soluciones espec\u00edficas se encuentran:<\/p><ul><li style=\"text-align: left;\">Programas de responsabilidad patrimonial-civil.<\/li><li style=\"text-align: left;\">Coberturas de da\u00f1os materiales e interrupci\u00f3n de actividad.<\/li><li style=\"text-align: left;\"><span style=\"font-size: inherit; font-family: -apple-system, system-ui, BlinkMacSystemFont, 'Segoe UI', Helvetica, Arial, sans-serif, 'Apple Color Emoji', 'Segoe UI Emoji', 'Segoe UI Symbol';\">Seguros de responsabilidad de autoridades y empleados p\u00fablicos.<\/span><\/li><li style=\"text-align: left;\">Seguros de accidentes para personal dependiente, y usuarios.<\/li><li style=\"text-align: left;\"><span style=\"font-size: inherit; font-family: -apple-system, system-ui, BlinkMacSystemFont, 'Segoe UI', Helvetica, Arial, sans-serif, 'Apple Color Emoji', 'Segoe UI Emoji', 'Segoe UI Symbol';\">Coberturas cyber alineadas al marco legal p\u00fablico.<\/span><\/li><li style=\"text-align: left;\"><span style=\"font-size: inherit; font-family: -apple-system, system-ui, BlinkMacSystemFont, 'Segoe UI', Helvetica, Arial, sans-serif, 'Apple Color Emoji', 'Segoe UI Emoji', 'Segoe UI Symbol';\">Soluciones colectivas de salud y vida.<\/span><\/li><\/ul>\t\t\t\t\t\t\t\t<\/div>\n\t\t\t\t<\/div>\n\t\t\t\t<\/div>\n\t\t\t\t\t<\/div>\n\t\t<\/div>\n\t\t\t\t<div class=\"elementor-column elementor-col-50 elementor-top-column elementor-element elementor-element-4738375\" data-id=\"4738375\" data-element_type=\"column\" data-e-type=\"column\" data-settings=\"{&quot;background_background&quot;:&quot;classic&quot;}\">\n\t\t\t<div class=\"elementor-widget-wrap\">\n\t\t\t\t\t\t\t<\/div>\n\t\t<\/div>\n\t\t\t\t\t<\/div>\n\t\t<\/section>\n\t\t\t\t<section class=\"elementor-section elementor-top-section elementor-element elementor-element-976b705 elementor-section-full_width elementor-section-height-min-height elementor-section-stretched elementor-section-height-default elementor-section-items-middle\" data-id=\"976b705\" data-element_type=\"section\" data-e-type=\"section\" data-settings=\"{&quot;stretch_section&quot;:&quot;section-stretched&quot;,&quot;background_background&quot;:&quot;video&quot;,&quot;background_video_link&quot;:&quot;https:\\\/\\\/jhasabrokers.com\\\/wp-content\\\/uploads\\\/2025\\\/05\\\/Madrid-Puerta-de-alcala-Jhasa.mp4&quot;,&quot;background_play_on_mobile&quot;:&quot;yes&quot;}\">\n\t\t\t\t\t\t\t\t<div class=\"elementor-background-video-container\">\n\t\t\t\t\t\t\t\t\t\t\t\t\t<video class=\"elementor-background-video-hosted\" role=\"presentation\" autoplay muted playsinline loop><\/video>\n\t\t\t\t\t\t\t\t\t\t\t<\/div>\n\t\t\t\t\t\t\t\t\t<div class=\"elementor-background-overlay\"><\/div>\n\t\t\t\t\t\t\t<div class=\"elementor-container elementor-column-gap-default\">\n\t\t\t\t\t<div class=\"elementor-column elementor-col-100 elementor-top-column elementor-element elementor-element-b5adb1b\" data-id=\"b5adb1b\" data-element_type=\"column\" data-e-type=\"column\">\n\t\t\t<div class=\"elementor-widget-wrap elementor-element-populated\">\n\t\t\t\t\t\t<div class=\"elementor-element elementor-element-60ba228 elementor-widget elementor-widget-heading\" data-id=\"60ba228\" data-element_type=\"widget\" data-e-type=\"widget\" data-widget_type=\"heading.default\">\n\t\t\t\t<div class=\"elementor-widget-container\">\n\t\t\t\t\t<h2 class=\"elementor-heading-title elementor-size-default\">Nos ponemos a disposici\u00f3n de las entidades p\u00fablicas interesadas en estas u otras soluciones, con sujeci\u00f3n al marco legislativo de la contrataci\u00f3n p\u00fablica y sus principios.<\/h2>\t\t\t\t<\/div>\n\t\t\t\t<\/div>\n\t\t\t\t\t<\/div>\n\t\t<\/div>\n\t\t\t\t\t<\/div>\n\t\t<\/section>\n\t\t\t\t<section class=\"elementor-section elementor-top-section elementor-element elementor-element-cb2fcad elementor-section-full_width elementor-section-height-min-height elementor-section-stretched elementor-section-height-default elementor-section-items-middle\" data-id=\"cb2fcad\" data-element_type=\"section\" data-e-type=\"section\" data-settings=\"{&quot;stretch_section&quot;:&quot;section-stretched&quot;,&quot;background_background&quot;:&quot;classic&quot;}\">\n\t\t\t\t\t\t\t<div class=\"elementor-background-overlay\"><\/div>\n\t\t\t\t\t\t\t<div class=\"elementor-container elementor-column-gap-default\">\n\t\t\t\t\t<div class=\"elementor-column elementor-col-100 elementor-top-column elementor-element elementor-element-29df1d0\" data-id=\"29df1d0\" data-element_type=\"column\" data-e-type=\"column\">\n\t\t\t<div class=\"elementor-widget-wrap elementor-element-populated\">\n\t\t\t\t\t\t<div class=\"elementor-element elementor-element-c1f2b24 elementor-widget elementor-widget-heading\" data-id=\"c1f2b24\" data-element_type=\"widget\" data-e-type=\"widget\" data-widget_type=\"heading.default\">\n\t\t\t\t<div class=\"elementor-widget-container\">\n\t\t\t\t\t<h2 class=\"elementor-heading-title elementor-size-default\">Ofrecemos nuestra participaci\u00f3n activa en procedimientos de contrataci\u00f3n, as\u00ed como nuestra disposici\u00f3n a colaborar en consultas preliminares de mercado o en cualquier otra forma de asesoramiento o colaboraci\u00f3n legalmente habilitada, manteniendo en todo momento la compatibilidad para una ulterior participaci\u00f3n en libre competencia.<\/h2>\t\t\t\t<\/div>\n\t\t\t\t<\/div>\n\t\t\t\t\t<\/div>\n\t\t<\/div>\n\t\t\t\t\t<\/div>\n\t\t<\/section>\n\t\t\t\t<section class=\"elementor-section elementor-top-section elementor-element elementor-element-6782de0 elementor-section-full_width elementor-section-height-min-height elementor-section-stretched elementor-section-content-middle elementor-section-height-default elementor-section-items-middle\" data-id=\"6782de0\" data-element_type=\"section\" data-e-type=\"section\" data-settings=\"{&quot;stretch_section&quot;:&quot;section-stretched&quot;,&quot;background_background&quot;:&quot;classic&quot;}\">\n\t\t\t\t\t\t\t<div class=\"elementor-background-overlay\"><\/div>\n\t\t\t\t\t\t\t<div class=\"elementor-container elementor-column-gap-default\">\n\t\t\t\t\t<div class=\"elementor-column elementor-col-100 elementor-top-column elementor-element elementor-element-57e9686\" data-id=\"57e9686\" data-element_type=\"column\" data-e-type=\"column\">\n\t\t\t<div class=\"elementor-widget-wrap elementor-element-populated\">\n\t\t\t\t<div class=\"elementor-element elementor-element-f0aad98 e-con-full e-flex e-con e-parent\" data-id=\"f0aad98\" data-element_type=\"container\" data-e-type=\"container\" data-settings=\"{&quot;background_background&quot;:&quot;classic&quot;}\">\n\t\t\t\t<div class=\"elementor-element elementor-element-795a65b elementor-widget elementor-widget-elementskit-heading\" data-id=\"795a65b\" data-element_type=\"widget\" data-e-type=\"widget\" data-widget_type=\"elementskit-heading.default\">\n\t\t\t\t<div class=\"elementor-widget-container\">\n\t\t\t\t\t<div class=\"ekit-wid-con\" ><div class=\"ekit-heading elementskit-section-title-wraper text_center   ekit_heading_tablet-   ekit_heading_mobile-\"><h2 class=\"ekit-heading--title elementskit-section-title\">Alternativamente, nos encontramos en facultad de proporcionar servicios de asistencia t\u00e9cnica para licitaciones de seguros: abarcando flexiblemente -seg\u00fan las necesidades espec\u00edficas de la proponente- desde la confecci\u00f3n de borradores de pliegos, hasta el an\u00e1lisis objetivo delegado de ofertas recibidas, y elaboraci\u00f3n de informes para la Mesa de Contrataci\u00f3n u \u00d3rgano de Contrataci\u00f3n correspondiente de la entidad.<\/h2><\/div><\/div>\t\t\t\t<\/div>\n\t\t\t\t<\/div>\n\t\t\t\t<div class=\"elementor-element elementor-element-cb6a328 elementor-widget-divider--view-line elementor-widget elementor-widget-divider\" data-id=\"cb6a328\" data-element_type=\"widget\" data-e-type=\"widget\" data-widget_type=\"divider.default\">\n\t\t\t\t<div class=\"elementor-widget-container\">\n\t\t\t\t\t\t\t<div class=\"elementor-divider\">\n\t\t\t<span class=\"elementor-divider-separator\">\n\t\t\t\t\t\t<\/span>\n\t\t<\/div>\n\t\t\t\t\t\t<\/div>\n\t\t\t\t<\/div>\n\t\t\t\t<div class=\"elementor-element elementor-element-27c8012 elementor-widget elementor-widget-elementskit-heading\" data-id=\"27c8012\" data-element_type=\"widget\" data-e-type=\"widget\" data-widget_type=\"elementskit-heading.default\">\n\t\t\t\t<div class=\"elementor-widget-container\">\n\t\t\t\t\t<div class=\"ekit-wid-con\" ><div class=\"ekit-heading elementskit-section-title-wraper center   ekit_heading_tablet-   ekit_heading_mobile-\">\t\t\t\t<div class='ekit-heading__description'>\n\t\t\t\t\t<p>Cont\u00e1ctanos hoy y descubre c\u00f3mo podemos ayudarte a gestionar los riesgos en el sector p\u00fablico.<\/p>\n\t\t\t\t<\/div>\n\t\t\t<\/div><\/div>\t\t\t\t<\/div>\n\t\t\t\t<\/div>\n\t\t\t\t<\/div>\n\t\t\t\t\t<\/div>\n\t\t<\/div>\n\t\t\t\t\t<\/div>\n\t\t<\/section>\n\t\t\t\t<\/div>","protected":false},"excerpt":{"rendered":"<p>Public sector bodies face many risks associated with their management and operations From liability for damages to third parties, management failures, material damage to infrastructure or assets necessary for the development of their activities, disruption of public services, cyber risks and environmental and social risks. We at JHASA seamlessly combine knowledge of applicable legislation with &#8230; <a title=\"Sector P\u00fablico\" class=\"read-more\" href=\"https:\/\/jjhasa.com\/es\/services\/public-sector\" aria-label=\"Leer m\u00e1s sobre Public Sector\">Leer m\u00e1s<\/a><\/p>","protected":false},"author":1,"featured_media":3941,"parent":471,"menu_order":0,"comment_status":"closed","ping_status":"closed","template":"","meta":{"_acf_changed":false,"postBodyCss":"","postBodyMargin":[],"postBodyPadding":[],"postBodyBackground":{"backgroundType":"classic","gradient":""},"footnotes":""},"class_list":["post-3939","page","type-page","status-publish","has-post-thumbnail"],"acf":[],"yoast_head":"<!-- This site is optimized with the Yoast SEO plugin v27.3 - https:\/\/yoast.com\/product\/yoast-seo-wordpress\/ -->\n<title>Public Sector &#187; Jhasa - Insurance and Reinsurance Broker especializada en Construcci\u00f3n y Energ\u00eda.<\/title>\n<meta name=\"robots\" content=\"noindex, nofollow\" \/>\n<meta property=\"og:locale\" content=\"es_ES\" \/>\n<meta property=\"og:type\" content=\"article\" \/>\n<meta property=\"og:title\" content=\"Public Sector &#187; Jhasa - Insurance and Reinsurance Broker especializada en Construcci\u00f3n y Energ\u00eda.\" \/>\n<meta property=\"og:description\" content=\"Public sector bodies face many risks associated with their management and operations From liability for damages to third parties, management failures, material damage to infrastructure or assets necessary for the development of their activities, disruption of public services, cyber risks and environmental and social risks. We at JHASA seamlessly combine knowledge of applicable legislation with ... Leer m\u00e1s\" \/>\n<meta property=\"og:url\" content=\"https:\/\/jjhasa.com\/es\/services\/public-sector\/\" \/>\n<meta property=\"og:site_name\" content=\"Jhasa - Insurance and Reinsurance Broker especializada en Construcci\u00f3n y Energ\u00eda.\" \/>\n<meta property=\"article:modified_time\" content=\"2025-06-10T10:04:55+00:00\" \/>\n<meta property=\"og:image\" content=\"https:\/\/jjhasa.com\/wp-content\/uploads\/2025\/05\/Servicios-sector-publico-Jhasa.jpg\" \/>\n\t<meta property=\"og:image:width\" content=\"1920\" \/>\n\t<meta property=\"og:image:height\" content=\"400\" \/>\n\t<meta property=\"og:image:type\" content=\"image\/jpeg\" \/>\n<meta name=\"twitter:card\" content=\"summary_large_image\" \/>\n<meta name=\"twitter:label1\" content=\"Tiempo de lectura\" \/>\n\t<meta name=\"twitter:data1\" content=\"1 minuto\" \/>\n<script type=\"application\/ld+json\" class=\"yoast-schema-graph\">{\"@context\":\"https:\\\/\\\/schema.org\",\"@graph\":[{\"@type\":\"WebPage\",\"@id\":\"https:\\\/\\\/jjhasa.com\\\/services\\\/public-sector\",\"url\":\"https:\\\/\\\/jjhasa.com\\\/services\\\/public-sector\",\"name\":\"Public Sector &#187; Jhasa - Insurance and Reinsurance Broker especializada en Construcci\u00f3n y Energ\u00eda.\",\"isPartOf\":{\"@id\":\"https:\\\/\\\/jjhasa.com\\\/#website\"},\"primaryImageOfPage\":{\"@id\":\"https:\\\/\\\/jjhasa.com\\\/services\\\/public-sector#primaryimage\"},\"image\":{\"@id\":\"https:\\\/\\\/jjhasa.com\\\/services\\\/public-sector#primaryimage\"},\"thumbnailUrl\":\"https:\\\/\\\/jjhasa.com\\\/wp-content\\\/uploads\\\/2025\\\/05\\\/Servicios-sector-publico-Jhasa.jpg\",\"datePublished\":\"2025-05-13T09:27:47+00:00\",\"dateModified\":\"2025-06-10T10:04:55+00:00\",\"breadcrumb\":{\"@id\":\"https:\\\/\\\/jjhasa.com\\\/services\\\/public-sector#breadcrumb\"},\"inLanguage\":\"es\",\"potentialAction\":[{\"@type\":\"ReadAction\",\"target\":[\"https:\\\/\\\/jjhasa.com\\\/services\\\/public-sector\"]}]},{\"@type\":\"ImageObject\",\"inLanguage\":\"es\",\"@id\":\"https:\\\/\\\/jjhasa.com\\\/services\\\/public-sector#primaryimage\",\"url\":\"https:\\\/\\\/jjhasa.com\\\/wp-content\\\/uploads\\\/2025\\\/05\\\/Servicios-sector-publico-Jhasa.jpg\",\"contentUrl\":\"https:\\\/\\\/jjhasa.com\\\/wp-content\\\/uploads\\\/2025\\\/05\\\/Servicios-sector-publico-Jhasa.jpg\",\"width\":1920,\"height\":400,\"caption\":\"Abstract blur luxury hospital corridor. Generative AI\"},{\"@type\":\"BreadcrumbList\",\"@id\":\"https:\\\/\\\/jjhasa.com\\\/services\\\/public-sector#breadcrumb\",\"itemListElement\":[{\"@type\":\"ListItem\",\"position\":1,\"name\":\"Portada\",\"item\":\"https:\\\/\\\/jjhasa.com\\\/es\\\/\"},{\"@type\":\"ListItem\",\"position\":2,\"name\":\"Services\",\"item\":\"https:\\\/\\\/jjhasa.com\\\/es\\\/services\"},{\"@type\":\"ListItem\",\"position\":3,\"name\":\"Public Sector\"}]},{\"@type\":\"WebSite\",\"@id\":\"https:\\\/\\\/jjhasa.com\\\/#website\",\"url\":\"https:\\\/\\\/jjhasa.com\\\/\",\"name\":\"Jhasa - Insurance and Reinsurance Broker especializada en Construcci\u00f3n y Energ\u00eda.\",\"description\":\"Jhasa es una corredur\u00eda de seguros y reaseguros especializado en Construcci\u00f3n y Energ\u00eda. Tel\u00e9fono: +34 91 752 76 86\",\"publisher\":{\"@id\":\"https:\\\/\\\/jjhasa.com\\\/#organization\"},\"potentialAction\":[{\"@type\":\"SearchAction\",\"target\":{\"@type\":\"EntryPoint\",\"urlTemplate\":\"https:\\\/\\\/jjhasa.com\\\/?s={search_term_string}\"},\"query-input\":{\"@type\":\"PropertyValueSpecification\",\"valueRequired\":true,\"valueName\":\"search_term_string\"}}],\"inLanguage\":\"es\"},{\"@type\":\"Organization\",\"@id\":\"https:\\\/\\\/jjhasa.com\\\/#organization\",\"name\":\"Jhasa - Insurance and Reinsurance Broker especializada en Construcci\u00f3n y Energ\u00eda.\",\"url\":\"https:\\\/\\\/jjhasa.com\\\/\",\"logo\":{\"@type\":\"ImageObject\",\"inLanguage\":\"es\",\"@id\":\"https:\\\/\\\/jjhasa.com\\\/#\\\/schema\\\/logo\\\/image\\\/\",\"url\":\"https:\\\/\\\/jjhasa.com\\\/wp-content\\\/uploads\\\/2021\\\/11\\\/imagotipo-Jhasa.svg\",\"contentUrl\":\"https:\\\/\\\/jjhasa.com\\\/wp-content\\\/uploads\\\/2021\\\/11\\\/imagotipo-Jhasa.svg\",\"width\":300,\"height\":85,\"caption\":\"Jhasa - Insurance and Reinsurance Broker especializada en Construcci\u00f3n y Energ\u00eda.\"},\"image\":{\"@id\":\"https:\\\/\\\/jjhasa.com\\\/#\\\/schema\\\/logo\\\/image\\\/\"}}]}<\/script>\n<!-- \/ Yoast SEO plugin. -->","yoast_head_json":{"title":"Public Sector &#187; Jhasa - Insurance and Reinsurance Broker especializada en Construcci\u00f3n y Energ\u00eda.","robots":{"index":"noindex","follow":"nofollow"},"og_locale":"es_ES","og_type":"article","og_title":"Public Sector &#187; Jhasa - Insurance and Reinsurance Broker especializada en Construcci\u00f3n y Energ\u00eda.","og_description":"Public sector bodies face many risks associated with their management and operations From liability for damages to third parties, management failures, material damage to infrastructure or assets necessary for the development of their activities, disruption of public services, cyber risks and environmental and social risks. We at JHASA seamlessly combine knowledge of applicable legislation with ... Leer m\u00e1s","og_url":"https:\/\/jjhasa.com\/es\/services\/public-sector\/","og_site_name":"Jhasa - Insurance and Reinsurance Broker especializada en Construcci\u00f3n y Energ\u00eda.","article_modified_time":"2025-06-10T10:04:55+00:00","og_image":[{"width":1920,"height":400,"url":"https:\/\/jjhasa.com\/wp-content\/uploads\/2025\/05\/Servicios-sector-publico-Jhasa.jpg","type":"image\/jpeg"}],"twitter_card":"summary_large_image","twitter_misc":{"Tiempo de lectura":"1 minuto"},"schema":{"@context":"https:\/\/schema.org","@graph":[{"@type":"WebPage","@id":"https:\/\/jjhasa.com\/services\/public-sector","url":"https:\/\/jjhasa.com\/services\/public-sector","name":"Public Sector &#187; Jhasa - Insurance and Reinsurance Broker especializada en Construcci\u00f3n y Energ\u00eda.","isPartOf":{"@id":"https:\/\/jjhasa.com\/#website"},"primaryImageOfPage":{"@id":"https:\/\/jjhasa.com\/services\/public-sector#primaryimage"},"image":{"@id":"https:\/\/jjhasa.com\/services\/public-sector#primaryimage"},"thumbnailUrl":"https:\/\/jjhasa.com\/wp-content\/uploads\/2025\/05\/Servicios-sector-publico-Jhasa.jpg","datePublished":"2025-05-13T09:27:47+00:00","dateModified":"2025-06-10T10:04:55+00:00","breadcrumb":{"@id":"https:\/\/jjhasa.com\/services\/public-sector#breadcrumb"},"inLanguage":"es","potentialAction":[{"@type":"ReadAction","target":["https:\/\/jjhasa.com\/services\/public-sector"]}]},{"@type":"ImageObject","inLanguage":"es","@id":"https:\/\/jjhasa.com\/services\/public-sector#primaryimage","url":"https:\/\/jjhasa.com\/wp-content\/uploads\/2025\/05\/Servicios-sector-publico-Jhasa.jpg","contentUrl":"https:\/\/jjhasa.com\/wp-content\/uploads\/2025\/05\/Servicios-sector-publico-Jhasa.jpg","width":1920,"height":400,"caption":"Abstract blur luxury hospital corridor. Generative AI"},{"@type":"BreadcrumbList","@id":"https:\/\/jjhasa.com\/services\/public-sector#breadcrumb","itemListElement":[{"@type":"ListItem","position":1,"name":"Portada","item":"https:\/\/jjhasa.com\/es\/"},{"@type":"ListItem","position":2,"name":"Services","item":"https:\/\/jjhasa.com\/es\/services"},{"@type":"ListItem","position":3,"name":"Public Sector"}]},{"@type":"WebSite","@id":"https:\/\/jjhasa.com\/#website","url":"https:\/\/jjhasa.com\/","name":"Jhasa - Insurance and Reinsurance Broker especializada en Construcci\u00f3n y Energ\u00eda.","description":"Jhasa es una corredur\u00eda de seguros y reaseguros especializado en Construcci\u00f3n y Energ\u00eda. Tel\u00e9fono: +34 91 752 76 86","publisher":{"@id":"https:\/\/jjhasa.com\/#organization"},"potentialAction":[{"@type":"SearchAction","target":{"@type":"EntryPoint","urlTemplate":"https:\/\/jjhasa.com\/?s={search_term_string}"},"query-input":{"@type":"PropertyValueSpecification","valueRequired":true,"valueName":"search_term_string"}}],"inLanguage":"es"},{"@type":"Organization","@id":"https:\/\/jjhasa.com\/#organization","name":"Jhasa - Insurance and Reinsurance Broker especializada en Construcci\u00f3n y Energ\u00eda.","url":"https:\/\/jjhasa.com\/","logo":{"@type":"ImageObject","inLanguage":"es","@id":"https:\/\/jjhasa.com\/#\/schema\/logo\/image\/","url":"https:\/\/jjhasa.com\/wp-content\/uploads\/2021\/11\/imagotipo-Jhasa.svg","contentUrl":"https:\/\/jjhasa.com\/wp-content\/uploads\/2021\/11\/imagotipo-Jhasa.svg","width":300,"height":85,"caption":"Jhasa - Insurance and Reinsurance Broker especializada en Construcci\u00f3n y Energ\u00eda."},"image":{"@id":"https:\/\/jjhasa.com\/#\/schema\/logo\/image\/"}}]}},"_links":{"self":[{"href":"https:\/\/jjhasa.com\/es\/wp-json\/wp\/v2\/pages\/3939","targetHints":{"allow":["GET"]}}],"collection":[{"href":"https:\/\/jjhasa.com\/es\/wp-json\/wp\/v2\/pages"}],"about":[{"href":"https:\/\/jjhasa.com\/es\/wp-json\/wp\/v2\/types\/page"}],"author":[{"embeddable":true,"href":"https:\/\/jjhasa.com\/es\/wp-json\/wp\/v2\/users\/1"}],"replies":[{"embeddable":true,"href":"https:\/\/jjhasa.com\/es\/wp-json\/wp\/v2\/comments?post=3939"}],"version-history":[{"count":31,"href":"https:\/\/jjhasa.com\/es\/wp-json\/wp\/v2\/pages\/3939\/revisions"}],"predecessor-version":[{"id":4467,"href":"https:\/\/jjhasa.com\/es\/wp-json\/wp\/v2\/pages\/3939\/revisions\/4467"}],"up":[{"embeddable":true,"href":"https:\/\/jjhasa.com\/es\/wp-json\/wp\/v2\/pages\/471"}],"wp:featuredmedia":[{"embeddable":true,"href":"https:\/\/jjhasa.com\/es\/wp-json\/wp\/v2\/media\/3941"}],"wp:attachment":[{"href":"https:\/\/jjhasa.com\/es\/wp-json\/wp\/v2\/media?parent=3939"}],"curies":[{"name":"wp","href":"https:\/\/api.w.org\/{rel}","templated":true}]}}