{"id":3638,"date":"2025-04-07T11:29:40","date_gmt":"2025-04-07T11:29:40","guid":{"rendered":"https:\/\/jhasabrokers.com\/?page_id=3638"},"modified":"2025-06-25T15:40:51","modified_gmt":"2025-06-25T15:40:51","slug":"healthcare","status":"publish","type":"page","link":"https:\/\/jjhasa.com\/es\/industries\/healthcare","title":{"rendered":"Salud"},"content":{"rendered":"<div data-elementor-type=\"wp-page\" data-elementor-id=\"3638\" class=\"elementor elementor-3638\" data-elementor-post-type=\"page\">\n\t\t\t\t\t\t<section class=\"elementor-section elementor-top-section elementor-element elementor-element-bdd5508 elementor-section-full_width elementor-section-content-middle elementor-section-height-default elementor-section-height-default\" data-id=\"bdd5508\" data-element_type=\"section\" data-e-type=\"section\">\n\t\t\t\t\t\t<div class=\"elementor-container elementor-column-gap-default\">\n\t\t\t\t\t<div class=\"elementor-column elementor-col-100 elementor-top-column elementor-element elementor-element-84838be\" data-id=\"84838be\" data-element_type=\"column\" data-e-type=\"column\">\n\t\t\t<div class=\"elementor-widget-wrap elementor-element-populated\">\n\t\t\t\t\t\t<div class=\"elementor-element elementor-element-6e49aca elementor-widget-mobile__width-initial elementor-widget elementor-widget-heading\" data-id=\"6e49aca\" data-element_type=\"widget\" data-e-type=\"widget\" data-widget_type=\"heading.default\">\n\t\t\t\t<div class=\"elementor-widget-container\">\n\t\t\t\t\t<h2 class=\"elementor-heading-title elementor-size-default\">La industria de la salud en Espa\u00f1a es un componente esencial del sistema de bienestar y desempe\u00f1a un papel crucial en la calidad de vida de la poblaci\u00f3n<\/h2>\t\t\t\t<\/div>\n\t\t\t\t<\/div>\n\t\t\t\t<div class=\"elementor-element elementor-element-e70af01 elementor-widget-mobile__width-initial elementor-widget elementor-widget-text-editor\" data-id=\"e70af01\" data-element_type=\"widget\" data-e-type=\"widget\" data-widget_type=\"text-editor.default\">\n\t\t\t\t<div class=\"elementor-widget-container\">\n\t\t\t\t\t\t\t\t\t<p>Gracias a la combinaci\u00f3n de un sistema sanitario p\u00fablico s\u00f3lido y una sanidad privada en expansi\u00f3n, Espa\u00f1a presenta una de las esperanza de vida m\u00e1s altas del mundo, que ronda los 83 a\u00f1os.<\/p><p>Este dato no solo refleja un buen acceso a la atenci\u00f3n m\u00e9dica, sino tambi\u00e9n una alta calidad en los servicios sanitarios, tanto p\u00fablicos como privados.<\/p>\t\t\t\t\t\t\t\t<\/div>\n\t\t\t\t<\/div>\n\t\t\t\t\t<\/div>\n\t\t<\/div>\n\t\t\t\t\t<\/div>\n\t\t<\/section>\n\t\t\t\t<section class=\"elementor-section elementor-top-section elementor-element elementor-element-0d17d6f elementor-section-full_width elementor-section-content-middle elementor-section-stretched elementor-reverse-mobile elementor-section-height-default elementor-section-height-default\" data-id=\"0d17d6f\" data-element_type=\"section\" data-e-type=\"section\" data-settings=\"{&quot;stretch_section&quot;:&quot;section-stretched&quot;,&quot;background_background&quot;:&quot;classic&quot;}\">\n\t\t\t\t\t\t<div class=\"elementor-container elementor-column-gap-default\">\n\t\t\t\t\t<div class=\"elementor-column elementor-col-50 elementor-top-column elementor-element elementor-element-523b159\" data-id=\"523b159\" data-element_type=\"column\" data-e-type=\"column\" data-settings=\"{&quot;background_background&quot;:&quot;classic&quot;}\">\n\t\t\t<div class=\"elementor-widget-wrap elementor-element-populated\">\n\t\t\t\t<div class=\"elementor-element elementor-element-34c3a4d e-con-full e-flex e-con e-parent\" data-id=\"34c3a4d\" data-element_type=\"container\" data-e-type=\"container\">\n\t\t\t\t<div class=\"elementor-element elementor-element-dea5397 elementor-widget elementor-widget-elementskit-heading\" data-id=\"dea5397\" data-element_type=\"widget\" data-e-type=\"widget\" data-widget_type=\"elementskit-heading.default\">\n\t\t\t\t<div class=\"elementor-widget-container\">\n\t\t\t\t\t<div class=\"ekit-wid-con\" ><div class=\"ekit-heading elementskit-section-title-wraper text_left   ekit_heading_tablet-   ekit_heading_mobile-\"><h2 class=\"ekit-heading--title elementskit-section-title\">La sanidad privada en Espa\u00f1a se compone de hospitales, cl\u00ednicas, centros de diagn\u00f3stico y centros gestionados por compa\u00f1\u00edas aseguradoras<\/h2><div class=\"ekit_heading_separetor_wraper ekit_heading_elementskit-border-divider ekit-dotted\"><div class=\"elementskit-border-divider ekit-dotted\"><\/div><\/div>\t\t\t\t<div class='ekit-heading__description'>\n\t\t\t\t\t<p>Aunque no sustituye al sistema p\u00fablico, s\u00ed alivia su carga y da respuesta a una parte importante de la demanda sanitaria.<\/p>\n\t\t\t\t<\/div>\n\t\t\t<\/div><\/div>\t\t\t\t<\/div>\n\t\t\t\t<\/div>\n\t\t\t\t<div class=\"elementor-element elementor-element-e305141 elementor-align-start elementor-widget__width-initial elementor-icon-list--layout-traditional elementor-list-item-link-full_width elementor-widget elementor-widget-icon-list\" data-id=\"e305141\" data-element_type=\"widget\" data-e-type=\"widget\" data-widget_type=\"icon-list.default\">\n\t\t\t\t<div class=\"elementor-widget-container\">\n\t\t\t\t\t\t\t<ul class=\"elementor-icon-list-items\">\n\t\t\t\t\t\t\t<li class=\"elementor-icon-list-item\">\n\t\t\t\t\t\t\t\t\t\t\t<span class=\"elementor-icon-list-icon\">\n\t\t\t\t\t\t\t<svg aria-hidden=\"true\" class=\"e-font-icon-svg e-fas-check\" viewbox=\"0 0 512 512\" xmlns=\"http:\/\/www.w3.org\/2000\/svg\"><path d=\"M173.898 439.404l-166.4-166.4c-9.997-9.997-9.997-26.206 0-36.204l36.203-36.204c9.997-9.998 26.207-9.998 36.204 0L192 312.69 432.095 72.596c9.997-9.997 26.207-9.997 36.204 0l36.203 36.204c9.997 9.997 9.997 26.206 0 36.204l-294.4 294.401c-9.998 9.997-26.207 9.997-36.204-.001z\"><\/path><\/svg>\t\t\t\t\t\t<\/span>\n\t\t\t\t\t\t\t\t\t\t<span class=\"elementor-icon-list-text\">De hecho, m\u00e1s del 20% de la poblaci\u00f3n espa\u00f1ola cuenta con un seguro de salud privado, especialmente en grandes ciudades.<\/span>\n\t\t\t\t\t\t\t\t\t<\/li>\n\t\t\t\t\t\t\t\t<li class=\"elementor-icon-list-item\">\n\t\t\t\t\t\t\t\t\t\t\t<span class=\"elementor-icon-list-icon\">\n\t\t\t\t\t\t\t<svg aria-hidden=\"true\" class=\"e-font-icon-svg e-fas-check\" viewbox=\"0 0 512 512\" xmlns=\"http:\/\/www.w3.org\/2000\/svg\"><path d=\"M173.898 439.404l-166.4-166.4c-9.997-9.997-9.997-26.206 0-36.204l36.203-36.204c9.997-9.998 26.207-9.998 36.204 0L192 312.69 432.095 72.596c9.997-9.997 26.207-9.997 36.204 0l36.203 36.204c9.997 9.997 9.997 26.206 0 36.204l-294.4 294.401c-9.998 9.997-26.207 9.997-36.204-.001z\"><\/path><\/svg>\t\t\t\t\t\t<\/span>\n\t\t\t\t\t\t\t\t\t\t<span class=\"elementor-icon-list-text\">Esta coexistencia entre lo p\u00fablico y lo privado ha generado un sistema mixto que, pese a sus desaf\u00edos, mejora la cobertura general y ampl\u00eda las opciones para los ciudadanos.<\/span>\n\t\t\t\t\t\t\t\t\t<\/li>\n\t\t\t\t\t\t\t\t<li class=\"elementor-icon-list-item\">\n\t\t\t\t\t\t\t\t\t\t\t<span class=\"elementor-icon-list-icon\">\n\t\t\t\t\t\t\t<svg aria-hidden=\"true\" class=\"e-font-icon-svg e-fas-check\" viewbox=\"0 0 512 512\" xmlns=\"http:\/\/www.w3.org\/2000\/svg\"><path d=\"M173.898 439.404l-166.4-166.4c-9.997-9.997-9.997-26.206 0-36.204l36.203-36.204c9.997-9.998 26.207-9.998 36.204 0L192 312.69 432.095 72.596c9.997-9.997 26.207-9.997 36.204 0l36.203 36.204c9.997 9.997 9.997 26.206 0 36.204l-294.4 294.401c-9.998 9.997-26.207 9.997-36.204-.001z\"><\/path><\/svg>\t\t\t\t\t\t<\/span>\n\t\t\t\t\t\t\t\t\t\t<span class=\"elementor-icon-list-text\">Ambos sectores, p\u00fablico y privado, forman parte de una industria sanitaria que tambi\u00e9n incluye investigaci\u00f3n biom\u00e9dica, industria farmac\u00e9utica, tecnolog\u00eda m\u00e9dica y formaci\u00f3n de profesionales.<\/span>\n\t\t\t\t\t\t\t\t\t<\/li>\n\t\t\t\t\t\t<\/ul>\n\t\t\t\t\t\t<\/div>\n\t\t\t\t<\/div>\n\t\t\t\t<\/div>\n\t\t\t\t\t<\/div>\n\t\t<\/div>\n\t\t\t\t<div class=\"elementor-column elementor-col-50 elementor-top-column elementor-element elementor-element-12e9b45\" data-id=\"12e9b45\" data-element_type=\"column\" data-e-type=\"column\" data-settings=\"{&quot;background_background&quot;:&quot;classic&quot;}\">\n\t\t\t<div class=\"elementor-widget-wrap\">\n\t\t\t\t\t\t\t<\/div>\n\t\t<\/div>\n\t\t\t\t\t<\/div>\n\t\t<\/section>\n\t\t\t\t<section class=\"elementor-section elementor-top-section elementor-element elementor-element-0b38604 elementor-section-full_width elementor-section-height-min-height elementor-section-stretched elementor-section-height-default elementor-section-items-middle\" data-id=\"0b38604\" data-element_type=\"section\" data-e-type=\"section\" data-settings=\"{&quot;stretch_section&quot;:&quot;section-stretched&quot;,&quot;background_background&quot;:&quot;video&quot;,&quot;background_video_link&quot;:&quot;https:\\\/\\\/jhasabrokers.com\\\/wp-content\\\/uploads\\\/2025\\\/04\\\/Salud-y-Beneficios-Sociales-Jhasa-Brokers.mp4&quot;,&quot;background_play_on_mobile&quot;:&quot;yes&quot;}\">\n\t\t\t\t\t\t\t\t<div class=\"elementor-background-video-container\">\n\t\t\t\t\t\t\t\t\t\t\t\t\t<video class=\"elementor-background-video-hosted\" role=\"presentation\" autoplay muted playsinline loop><\/video>\n\t\t\t\t\t\t\t\t\t\t\t<\/div>\n\t\t\t\t\t\t\t\t\t<div class=\"elementor-background-overlay\"><\/div>\n\t\t\t\t\t\t\t<div class=\"elementor-container elementor-column-gap-default\">\n\t\t\t\t\t<div class=\"elementor-column elementor-col-100 elementor-top-column elementor-element elementor-element-966485c\" data-id=\"966485c\" data-element_type=\"column\" data-e-type=\"column\">\n\t\t\t<div class=\"elementor-widget-wrap elementor-element-populated\">\n\t\t\t\t\t\t<div class=\"elementor-element elementor-element-2ee6cf6 elementor-widget elementor-widget-heading\" data-id=\"2ee6cf6\" data-element_type=\"widget\" data-e-type=\"widget\" data-widget_type=\"heading.default\">\n\t\t\t\t<div class=\"elementor-widget-container\">\n\t\t\t\t\t<h2 class=\"elementor-heading-title elementor-size-default\">Espa\u00f1a cuenta con centros m\u00e9dicos de referencia internacional y una creciente red de hospitales privados con alto nivel tecnol\u00f3gico.<\/br>\nEsta sinergia p\u00fablico-privada ha contribuido no solo al cuidado de la salud, sino tambi\u00e9n al desarrollo econ\u00f3mico, generando empleo e innovaci\u00f3n.<\/h2>\t\t\t\t<\/div>\n\t\t\t\t<\/div>\n\t\t\t\t\t<\/div>\n\t\t<\/div>\n\t\t\t\t\t<\/div>\n\t\t<\/section>\n\t\t\t\t<section class=\"elementor-section elementor-top-section elementor-element elementor-element-b533f18 elementor-section-full_width elementor-section-height-min-height elementor-section-stretched elementor-section-height-default elementor-section-items-middle\" data-id=\"b533f18\" data-element_type=\"section\" data-e-type=\"section\" data-settings=\"{&quot;stretch_section&quot;:&quot;section-stretched&quot;,&quot;background_background&quot;:&quot;classic&quot;}\">\n\t\t\t\t\t\t\t<div class=\"elementor-background-overlay\"><\/div>\n\t\t\t\t\t\t\t<div class=\"elementor-container elementor-column-gap-default\">\n\t\t\t\t\t<div class=\"elementor-column elementor-col-100 elementor-top-column elementor-element elementor-element-e33f492\" data-id=\"e33f492\" data-element_type=\"column\" data-e-type=\"column\">\n\t\t\t<div class=\"elementor-widget-wrap elementor-element-populated\">\n\t\t\t\t\t\t<div class=\"elementor-element elementor-element-74fea04 elementor-widget elementor-widget-heading\" data-id=\"74fea04\" data-element_type=\"widget\" data-e-type=\"widget\" data-widget_type=\"heading.default\">\n\t\t\t\t<div class=\"elementor-widget-container\">\n\t\t\t\t\t<h2 class=\"elementor-heading-title elementor-size-default\">La complejidad y la importancia de la salud en Espa\u00f1a hace fundamentar disponer de un asesoramiento experto para el desarrollo de la profesi\u00f3n haciendo especial hincapi\u00e9 en las siguientes coberturas:\n<p><\/p>\nResponsabilidad Profesional M\u00e9dica (Mala Praxis), interrupci\u00f3n del negocio, baja por enfermedad \/ accidente del personal y\/o los m\u00e9dicos, ciberriesgos.<\/h2>\t\t\t\t<\/div>\n\t\t\t\t<\/div>\n\t\t\t\t\t<\/div>\n\t\t<\/div>\n\t\t\t\t\t<\/div>\n\t\t<\/section>\n\t\t\t\t<section class=\"elementor-section elementor-top-section elementor-element elementor-element-74505f1 elementor-section-full_width elementor-section-height-min-height elementor-section-stretched elementor-section-content-middle elementor-section-height-default elementor-section-items-middle\" data-id=\"74505f1\" data-element_type=\"section\" data-e-type=\"section\" data-settings=\"{&quot;stretch_section&quot;:&quot;section-stretched&quot;,&quot;background_background&quot;:&quot;classic&quot;}\">\n\t\t\t\t\t\t\t<div class=\"elementor-background-overlay\"><\/div>\n\t\t\t\t\t\t\t<div class=\"elementor-container elementor-column-gap-default\">\n\t\t\t\t\t<div class=\"elementor-column elementor-col-100 elementor-top-column elementor-element elementor-element-f0bdea1\" data-id=\"f0bdea1\" data-element_type=\"column\" data-e-type=\"column\">\n\t\t\t<div class=\"elementor-widget-wrap elementor-element-populated\">\n\t\t\t\t<div class=\"elementor-element elementor-element-d086d0a e-con-full e-flex e-con e-parent\" data-id=\"d086d0a\" data-element_type=\"container\" data-e-type=\"container\" data-settings=\"{&quot;background_background&quot;:&quot;classic&quot;}\">\n\t\t\t\t<div class=\"elementor-element elementor-element-74ec73f elementor-widget elementor-widget-elementskit-heading\" data-id=\"74ec73f\" data-element_type=\"widget\" data-e-type=\"widget\" data-widget_type=\"elementskit-heading.default\">\n\t\t\t\t<div class=\"elementor-widget-container\">\n\t\t\t\t\t<div class=\"ekit-wid-con\" ><div class=\"ekit-heading elementskit-section-title-wraper text_center   ekit_heading_tablet-   ekit_heading_mobile-\"><h2 class=\"ekit-heading--title elementskit-section-title\">En JHASA, ofrecemos soluciones de seguros personalizadas para hospitales, cl\u00ednicas, centros de investigaci\u00f3n, farmac\u00e9uticas y profesionales sanitarios, asegurando la continuidad y seguridad en la prestaci\u00f3n de servicios m\u00e9dicos.<\/h2><\/div><\/div>\t\t\t\t<\/div>\n\t\t\t\t<\/div>\n\t\t\t\t<div class=\"elementor-element elementor-element-c600698 elementor-widget-divider--view-line elementor-widget elementor-widget-divider\" data-id=\"c600698\" data-element_type=\"widget\" data-e-type=\"widget\" data-widget_type=\"divider.default\">\n\t\t\t\t<div class=\"elementor-widget-container\">\n\t\t\t\t\t\t\t<div class=\"elementor-divider\">\n\t\t\t<span class=\"elementor-divider-separator\">\n\t\t\t\t\t\t<\/span>\n\t\t<\/div>\n\t\t\t\t\t\t<\/div>\n\t\t\t\t<\/div>\n\t\t\t\t<div class=\"elementor-element elementor-element-93e2a04 elementor-widget elementor-widget-elementskit-heading\" data-id=\"93e2a04\" data-element_type=\"widget\" data-e-type=\"widget\" data-widget_type=\"elementskit-heading.default\">\n\t\t\t\t<div class=\"elementor-widget-container\">\n\t\t\t\t\t<div class=\"ekit-wid-con\" ><div class=\"ekit-heading elementskit-section-title-wraper center   ekit_heading_tablet-   ekit_heading_mobile-\">\t\t\t\t<div class='ekit-heading__description'>\n\t\t\t\t\t<p><strong>Cont\u00e1ctanos hoy<\/strong> y descubre c\u00f3mo podemos ayudarte a gestionar los riesgos en el sector de la salud y los beneficios Sociales.<\/p>\n\t\t\t\t<\/div>\n\t\t\t<\/div><\/div>\t\t\t\t<\/div>\n\t\t\t\t<\/div>\n\t\t\t\t<\/div>\n\t\t\t\t\t<\/div>\n\t\t<\/div>\n\t\t\t\t\t<\/div>\n\t\t<\/section>\n\t\t\t\t<\/div>","protected":false},"excerpt":{"rendered":"<p>The healthcare industry in Spain is an essential component of the welfare system and plays a crucial role in the population\u2019s quality of life. Thanks to the combination of a strong public healthcare system and an expanding private sector, Spain has one of the highest life expectancies in the world, at around 83 years. This &#8230; <a title=\"Salud\" class=\"read-more\" href=\"https:\/\/jjhasa.com\/es\/industries\/healthcare\" aria-label=\"Leer m\u00e1s sobre Healthcare\">Leer m\u00e1s<\/a><\/p>","protected":false},"author":1,"featured_media":3645,"parent":473,"menu_order":0,"comment_status":"closed","ping_status":"closed","template":"","meta":{"_acf_changed":false,"postBodyCss":"","postBodyMargin":[],"postBodyPadding":[],"postBodyBackground":{"backgroundType":"classic","gradient":""},"footnotes":""},"class_list":["post-3638","page","type-page","status-publish","has-post-thumbnail"],"acf":[],"yoast_head":"<!-- This site is optimized with the Yoast SEO plugin v27.3 - https:\/\/yoast.com\/product\/yoast-seo-wordpress\/ -->\n<title>Healthcare &#187; Jhasa - Insurance and Reinsurance Broker especializada en Construcci\u00f3n y Energ\u00eda.<\/title>\n<meta name=\"robots\" content=\"noindex, nofollow\" \/>\n<meta property=\"og:locale\" content=\"es_ES\" \/>\n<meta property=\"og:type\" content=\"article\" \/>\n<meta property=\"og:title\" content=\"Healthcare &#187; Jhasa - Insurance and Reinsurance Broker especializada en Construcci\u00f3n y Energ\u00eda.\" \/>\n<meta property=\"og:description\" content=\"The healthcare industry in Spain is an essential component of the welfare system and plays a crucial role in the population\u2019s quality of life. Thanks to the combination of a strong public healthcare system and an expanding private sector, Spain has one of the highest life expectancies in the world, at around 83 years. This ... Leer m\u00e1s\" \/>\n<meta property=\"og:url\" content=\"https:\/\/jjhasa.com\/es\/industries\/healthcare\/\" \/>\n<meta property=\"og:site_name\" content=\"Jhasa - Insurance and Reinsurance Broker especializada en Construcci\u00f3n y Energ\u00eda.\" \/>\n<meta property=\"article:modified_time\" content=\"2025-06-25T15:40:51+00:00\" \/>\n<meta property=\"og:image\" content=\"https:\/\/jjhasa.com\/wp-content\/uploads\/2025\/04\/Healthcare-beneficios-sociales-1.webp\" \/>\n\t<meta property=\"og:image:width\" content=\"1920\" \/>\n\t<meta property=\"og:image:height\" content=\"400\" \/>\n\t<meta property=\"og:image:type\" content=\"image\/webp\" \/>\n<meta name=\"twitter:card\" content=\"summary_large_image\" \/>\n<meta name=\"twitter:label1\" content=\"Tiempo de lectura\" \/>\n\t<meta name=\"twitter:data1\" content=\"2 minutos\" \/>\n<script type=\"application\/ld+json\" class=\"yoast-schema-graph\">{\"@context\":\"https:\\\/\\\/schema.org\",\"@graph\":[{\"@type\":\"WebPage\",\"@id\":\"https:\\\/\\\/jjhasa.com\\\/industries\\\/healthcare\",\"url\":\"https:\\\/\\\/jjhasa.com\\\/industries\\\/healthcare\",\"name\":\"Healthcare &#187; Jhasa - Insurance and Reinsurance Broker especializada en Construcci\u00f3n y Energ\u00eda.\",\"isPartOf\":{\"@id\":\"https:\\\/\\\/jjhasa.com\\\/#website\"},\"primaryImageOfPage\":{\"@id\":\"https:\\\/\\\/jjhasa.com\\\/industries\\\/healthcare#primaryimage\"},\"image\":{\"@id\":\"https:\\\/\\\/jjhasa.com\\\/industries\\\/healthcare#primaryimage\"},\"thumbnailUrl\":\"https:\\\/\\\/jjhasa.com\\\/wp-content\\\/uploads\\\/2025\\\/04\\\/Healthcare-beneficios-sociales-1.webp\",\"datePublished\":\"2025-04-07T11:29:40+00:00\",\"dateModified\":\"2025-06-25T15:40:51+00:00\",\"breadcrumb\":{\"@id\":\"https:\\\/\\\/jjhasa.com\\\/industries\\\/healthcare#breadcrumb\"},\"inLanguage\":\"es\",\"potentialAction\":[{\"@type\":\"ReadAction\",\"target\":[\"https:\\\/\\\/jjhasa.com\\\/industries\\\/healthcare\"]}]},{\"@type\":\"ImageObject\",\"inLanguage\":\"es\",\"@id\":\"https:\\\/\\\/jjhasa.com\\\/industries\\\/healthcare#primaryimage\",\"url\":\"https:\\\/\\\/jjhasa.com\\\/wp-content\\\/uploads\\\/2025\\\/04\\\/Healthcare-beneficios-sociales-1.webp\",\"contentUrl\":\"https:\\\/\\\/jjhasa.com\\\/wp-content\\\/uploads\\\/2025\\\/04\\\/Healthcare-beneficios-sociales-1.webp\",\"width\":1920,\"height\":400},{\"@type\":\"BreadcrumbList\",\"@id\":\"https:\\\/\\\/jjhasa.com\\\/industries\\\/healthcare#breadcrumb\",\"itemListElement\":[{\"@type\":\"ListItem\",\"position\":1,\"name\":\"Portada\",\"item\":\"https:\\\/\\\/jjhasa.com\\\/es\\\/\"},{\"@type\":\"ListItem\",\"position\":2,\"name\":\"Industries\",\"item\":\"https:\\\/\\\/jjhasa.com\\\/es\\\/industries\"},{\"@type\":\"ListItem\",\"position\":3,\"name\":\"Healthcare\"}]},{\"@type\":\"WebSite\",\"@id\":\"https:\\\/\\\/jjhasa.com\\\/#website\",\"url\":\"https:\\\/\\\/jjhasa.com\\\/\",\"name\":\"Jhasa - Insurance and Reinsurance Broker especializada en Construcci\u00f3n y Energ\u00eda.\",\"description\":\"Jhasa es una corredur\u00eda de seguros y reaseguros especializado en Construcci\u00f3n y Energ\u00eda. Tel\u00e9fono: +34 91 752 76 86\",\"publisher\":{\"@id\":\"https:\\\/\\\/jjhasa.com\\\/#organization\"},\"potentialAction\":[{\"@type\":\"SearchAction\",\"target\":{\"@type\":\"EntryPoint\",\"urlTemplate\":\"https:\\\/\\\/jjhasa.com\\\/?s={search_term_string}\"},\"query-input\":{\"@type\":\"PropertyValueSpecification\",\"valueRequired\":true,\"valueName\":\"search_term_string\"}}],\"inLanguage\":\"es\"},{\"@type\":\"Organization\",\"@id\":\"https:\\\/\\\/jjhasa.com\\\/#organization\",\"name\":\"Jhasa - Insurance and Reinsurance Broker especializada en Construcci\u00f3n y Energ\u00eda.\",\"url\":\"https:\\\/\\\/jjhasa.com\\\/\",\"logo\":{\"@type\":\"ImageObject\",\"inLanguage\":\"es\",\"@id\":\"https:\\\/\\\/jjhasa.com\\\/#\\\/schema\\\/logo\\\/image\\\/\",\"url\":\"https:\\\/\\\/jjhasa.com\\\/wp-content\\\/uploads\\\/2021\\\/11\\\/imagotipo-Jhasa.svg\",\"contentUrl\":\"https:\\\/\\\/jjhasa.com\\\/wp-content\\\/uploads\\\/2021\\\/11\\\/imagotipo-Jhasa.svg\",\"width\":300,\"height\":85,\"caption\":\"Jhasa - Insurance and Reinsurance Broker especializada en Construcci\u00f3n y Energ\u00eda.\"},\"image\":{\"@id\":\"https:\\\/\\\/jjhasa.com\\\/#\\\/schema\\\/logo\\\/image\\\/\"}}]}<\/script>\n<!-- \/ Yoast SEO plugin. -->","yoast_head_json":{"title":"Healthcare &#187; Jhasa - Insurance and Reinsurance Broker especializada en Construcci\u00f3n y Energ\u00eda.","robots":{"index":"noindex","follow":"nofollow"},"og_locale":"es_ES","og_type":"article","og_title":"Healthcare &#187; Jhasa - Insurance and Reinsurance Broker especializada en Construcci\u00f3n y Energ\u00eda.","og_description":"The healthcare industry in Spain is an essential component of the welfare system and plays a crucial role in the population\u2019s quality of life. Thanks to the combination of a strong public healthcare system and an expanding private sector, Spain has one of the highest life expectancies in the world, at around 83 years. This ... Leer m\u00e1s","og_url":"https:\/\/jjhasa.com\/es\/industries\/healthcare\/","og_site_name":"Jhasa - Insurance and Reinsurance Broker especializada en Construcci\u00f3n y Energ\u00eda.","article_modified_time":"2025-06-25T15:40:51+00:00","og_image":[{"width":1920,"height":400,"url":"https:\/\/jjhasa.com\/wp-content\/uploads\/2025\/04\/Healthcare-beneficios-sociales-1.webp","type":"image\/webp"}],"twitter_card":"summary_large_image","twitter_misc":{"Tiempo de lectura":"2 minutos"},"schema":{"@context":"https:\/\/schema.org","@graph":[{"@type":"WebPage","@id":"https:\/\/jjhasa.com\/industries\/healthcare","url":"https:\/\/jjhasa.com\/industries\/healthcare","name":"Healthcare &#187; Jhasa - Insurance and Reinsurance Broker especializada en Construcci\u00f3n y Energ\u00eda.","isPartOf":{"@id":"https:\/\/jjhasa.com\/#website"},"primaryImageOfPage":{"@id":"https:\/\/jjhasa.com\/industries\/healthcare#primaryimage"},"image":{"@id":"https:\/\/jjhasa.com\/industries\/healthcare#primaryimage"},"thumbnailUrl":"https:\/\/jjhasa.com\/wp-content\/uploads\/2025\/04\/Healthcare-beneficios-sociales-1.webp","datePublished":"2025-04-07T11:29:40+00:00","dateModified":"2025-06-25T15:40:51+00:00","breadcrumb":{"@id":"https:\/\/jjhasa.com\/industries\/healthcare#breadcrumb"},"inLanguage":"es","potentialAction":[{"@type":"ReadAction","target":["https:\/\/jjhasa.com\/industries\/healthcare"]}]},{"@type":"ImageObject","inLanguage":"es","@id":"https:\/\/jjhasa.com\/industries\/healthcare#primaryimage","url":"https:\/\/jjhasa.com\/wp-content\/uploads\/2025\/04\/Healthcare-beneficios-sociales-1.webp","contentUrl":"https:\/\/jjhasa.com\/wp-content\/uploads\/2025\/04\/Healthcare-beneficios-sociales-1.webp","width":1920,"height":400},{"@type":"BreadcrumbList","@id":"https:\/\/jjhasa.com\/industries\/healthcare#breadcrumb","itemListElement":[{"@type":"ListItem","position":1,"name":"Portada","item":"https:\/\/jjhasa.com\/es\/"},{"@type":"ListItem","position":2,"name":"Industries","item":"https:\/\/jjhasa.com\/es\/industries"},{"@type":"ListItem","position":3,"name":"Healthcare"}]},{"@type":"WebSite","@id":"https:\/\/jjhasa.com\/#website","url":"https:\/\/jjhasa.com\/","name":"Jhasa - Insurance and Reinsurance Broker especializada en Construcci\u00f3n y Energ\u00eda.","description":"Jhasa es una corredur\u00eda de seguros y reaseguros especializado en Construcci\u00f3n y Energ\u00eda. Tel\u00e9fono: +34 91 752 76 86","publisher":{"@id":"https:\/\/jjhasa.com\/#organization"},"potentialAction":[{"@type":"SearchAction","target":{"@type":"EntryPoint","urlTemplate":"https:\/\/jjhasa.com\/?s={search_term_string}"},"query-input":{"@type":"PropertyValueSpecification","valueRequired":true,"valueName":"search_term_string"}}],"inLanguage":"es"},{"@type":"Organization","@id":"https:\/\/jjhasa.com\/#organization","name":"Jhasa - Insurance and Reinsurance Broker especializada en Construcci\u00f3n y Energ\u00eda.","url":"https:\/\/jjhasa.com\/","logo":{"@type":"ImageObject","inLanguage":"es","@id":"https:\/\/jjhasa.com\/#\/schema\/logo\/image\/","url":"https:\/\/jjhasa.com\/wp-content\/uploads\/2021\/11\/imagotipo-Jhasa.svg","contentUrl":"https:\/\/jjhasa.com\/wp-content\/uploads\/2021\/11\/imagotipo-Jhasa.svg","width":300,"height":85,"caption":"Jhasa - Insurance and Reinsurance Broker especializada en Construcci\u00f3n y Energ\u00eda."},"image":{"@id":"https:\/\/jjhasa.com\/#\/schema\/logo\/image\/"}}]}},"_links":{"self":[{"href":"https:\/\/jjhasa.com\/es\/wp-json\/wp\/v2\/pages\/3638","targetHints":{"allow":["GET"]}}],"collection":[{"href":"https:\/\/jjhasa.com\/es\/wp-json\/wp\/v2\/pages"}],"about":[{"href":"https:\/\/jjhasa.com\/es\/wp-json\/wp\/v2\/types\/page"}],"author":[{"embeddable":true,"href":"https:\/\/jjhasa.com\/es\/wp-json\/wp\/v2\/users\/1"}],"replies":[{"embeddable":true,"href":"https:\/\/jjhasa.com\/es\/wp-json\/wp\/v2\/comments?post=3638"}],"version-history":[{"count":37,"href":"https:\/\/jjhasa.com\/es\/wp-json\/wp\/v2\/pages\/3638\/revisions"}],"predecessor-version":[{"id":4926,"href":"https:\/\/jjhasa.com\/es\/wp-json\/wp\/v2\/pages\/3638\/revisions\/4926"}],"up":[{"embeddable":true,"href":"https:\/\/jjhasa.com\/es\/wp-json\/wp\/v2\/pages\/473"}],"wp:featuredmedia":[{"embeddable":true,"href":"https:\/\/jjhasa.com\/es\/wp-json\/wp\/v2\/media\/3645"}],"wp:attachment":[{"href":"https:\/\/jjhasa.com\/es\/wp-json\/wp\/v2\/media?parent=3638"}],"curies":[{"name":"wp","href":"https:\/\/api.w.org\/{rel}","templated":true}]}}