{"id":3574,"date":"2025-04-07T09:51:15","date_gmt":"2025-04-07T09:51:15","guid":{"rendered":"https:\/\/jhasabrokers.com\/?page_id=3574"},"modified":"2025-06-10T09:34:08","modified_gmt":"2025-06-10T09:34:08","slug":"recycling","status":"publish","type":"page","link":"https:\/\/jjhasa.com\/es\/industries\/recycling","title":{"rendered":"Reciclaje"},"content":{"rendered":"<div data-elementor-type=\"wp-page\" data-elementor-id=\"3574\" class=\"elementor elementor-3574\" data-elementor-post-type=\"page\">\n\t\t\t\t\t\t<section class=\"elementor-section elementor-top-section elementor-element elementor-element-410b1d7 elementor-section-full_width elementor-section-content-middle elementor-section-height-default elementor-section-height-default\" data-id=\"410b1d7\" data-element_type=\"section\" data-e-type=\"section\">\n\t\t\t\t\t\t<div class=\"elementor-container elementor-column-gap-default\">\n\t\t\t\t\t<div class=\"elementor-column elementor-col-100 elementor-top-column elementor-element elementor-element-d3429c4\" data-id=\"d3429c4\" data-element_type=\"column\" data-e-type=\"column\">\n\t\t\t<div class=\"elementor-widget-wrap elementor-element-populated\">\n\t\t\t\t\t\t<div class=\"elementor-element elementor-element-3872035 elementor-widget-mobile__width-initial elementor-widget elementor-widget-heading\" data-id=\"3872035\" data-element_type=\"widget\" data-e-type=\"widget\" data-widget_type=\"heading.default\">\n\t\t\t\t<div class=\"elementor-widget-container\">\n\t\t\t\t\t<h2 class=\"elementor-heading-title elementor-size-default\">Reciclar para respirar: c\u00f3mo darle una segunda vida a los residuos y al planeta<\/h2>\t\t\t\t<\/div>\n\t\t\t\t<\/div>\n\t\t\t\t<div class=\"elementor-element elementor-element-66c8211 elementor-widget-mobile__width-initial elementor-widget elementor-widget-text-editor\" data-id=\"66c8211\" data-element_type=\"widget\" data-e-type=\"widget\" data-widget_type=\"text-editor.default\">\n\t\t\t\t<div class=\"elementor-widget-container\">\n\t\t\t\t\t\t\t\t\t<p>Con el aumento de la producci\u00f3n de desechos a nivel global, <strong>reciclaje<\/strong> <strong><strong>permite reducir la cantidad de residuos<\/strong><\/strong> que terminan en vertederos, contribuyendo a la conservaci\u00f3n del medio ambiente.<\/p><p>A trav\u00e9s de la <strong>recolecci\u00f3n, el procesamiento y la reutilizaci\u00f3n de materiales como pl\u00e1stico, vidrio, papel y metales,<\/strong> se disminuye la necesidad de extraer recursos naturales, lo que a su vez reduce la contaminaci\u00f3n y el consumo de energ\u00eda.<\/p><p>Adem\u00e1s, <strong>el reciclaje ayuda a minimizar las emisiones de gases de efecto invernadero<\/strong> y fomenta una econom\u00eda circular, en la que los productos y materiales se reutilizan de manera constante, generando un impacto positivo en el planeta.<\/p>\t\t\t\t\t\t\t\t<\/div>\n\t\t\t\t<\/div>\n\t\t\t\t\t<\/div>\n\t\t<\/div>\n\t\t\t\t\t<\/div>\n\t\t<\/section>\n\t\t\t\t<section class=\"elementor-section elementor-top-section elementor-element elementor-element-f993d28 elementor-section-full_width elementor-section-height-min-height elementor-section-stretched elementor-section-content-middle elementor-section-height-default elementor-section-items-middle\" data-id=\"f993d28\" data-element_type=\"section\" data-e-type=\"section\" data-settings=\"{&quot;stretch_section&quot;:&quot;section-stretched&quot;,&quot;background_background&quot;:&quot;video&quot;,&quot;background_video_link&quot;:&quot;https:\\\/\\\/jhasabrokers.com\\\/wp-content\\\/uploads\\\/2025\\\/04\\\/Reciclaje-jhasa-brokers.mp4&quot;,&quot;background_play_on_mobile&quot;:&quot;yes&quot;}\">\n\t\t\t\t\t\t\t\t<div class=\"elementor-background-video-container\">\n\t\t\t\t\t\t\t\t\t\t\t\t\t<video class=\"elementor-background-video-hosted\" role=\"presentation\" autoplay muted playsinline loop><\/video>\n\t\t\t\t\t\t\t\t\t\t\t<\/div>\n\t\t\t\t\t\t\t\t\t<div class=\"elementor-background-overlay\"><\/div>\n\t\t\t\t\t\t\t<div class=\"elementor-container elementor-column-gap-default\">\n\t\t\t\t\t<div class=\"elementor-column elementor-col-100 elementor-top-column elementor-element elementor-element-c10f0dc\" data-id=\"c10f0dc\" data-element_type=\"column\" data-e-type=\"column\">\n\t\t\t<div class=\"elementor-widget-wrap elementor-element-populated\">\n\t\t\t\t\t\t<div class=\"elementor-element elementor-element-f4620d9 elementor-widget-mobile__width-initial elementor-widget elementor-widget-heading\" data-id=\"f4620d9\" data-element_type=\"widget\" data-e-type=\"widget\" data-widget_type=\"heading.default\">\n\t\t\t\t<div class=\"elementor-widget-container\">\n\t\t\t\t\t<h2 class=\"elementor-heading-title elementor-size-default\">Con la liberalizaci\u00f3n del mercado Sistemas Colectivos de Responsabilidad Ampliada del Productor\u202f(SCRAP) los productores de residuos pueden organizarse para responsabilizarse de los residuos que generan. <\/br>\nNo obstante est\u00e1n sujetos a la legislaci\u00f3n frente a las administraciones y adem\u00e1s tienen riesgos respecto a la responsabilidad medioambiental.<\/h2>\t\t\t\t<\/div>\n\t\t\t\t<\/div>\n\t\t\t\t\t<\/div>\n\t\t<\/div>\n\t\t\t\t\t<\/div>\n\t\t<\/section>\n\t\t\t\t<section class=\"elementor-section elementor-top-section elementor-element elementor-element-f58b6fc elementor-section-full_width elementor-section-height-min-height elementor-section-stretched elementor-section-content-middle elementor-section-height-default elementor-section-items-middle\" data-id=\"f58b6fc\" data-element_type=\"section\" data-e-type=\"section\" data-settings=\"{&quot;stretch_section&quot;:&quot;section-stretched&quot;,&quot;background_background&quot;:&quot;classic&quot;}\">\n\t\t\t\t\t\t\t<div class=\"elementor-background-overlay\"><\/div>\n\t\t\t\t\t\t\t<div class=\"elementor-container elementor-column-gap-default\">\n\t\t\t\t\t<div class=\"elementor-column elementor-col-100 elementor-top-column elementor-element elementor-element-de34059\" data-id=\"de34059\" data-element_type=\"column\" data-e-type=\"column\">\n\t\t\t<div class=\"elementor-widget-wrap elementor-element-populated\">\n\t\t\t\t<div class=\"elementor-element elementor-element-410618d e-con-full e-flex e-con e-parent\" data-id=\"410618d\" data-element_type=\"container\" data-e-type=\"container\" data-settings=\"{&quot;background_background&quot;:&quot;classic&quot;}\">\n\t\t\t\t<div class=\"elementor-element elementor-element-2cef816 elementor-widget elementor-widget-elementskit-heading\" data-id=\"2cef816\" data-element_type=\"widget\" data-e-type=\"widget\" data-widget_type=\"elementskit-heading.default\">\n\t\t\t\t<div class=\"elementor-widget-container\">\n\t\t\t\t\t<div class=\"ekit-wid-con\" ><div class=\"ekit-heading elementskit-section-title-wraper text_center   ekit_heading_tablet-   ekit_heading_mobile-\"><h2 class=\"ekit-heading--title elementskit-section-title\">En JHASA, trabajamos para dar soluciones a las necesidades de las SCRAP creando soluciones adaptadas a los requerimientos legislativos y resto de riesgos inherentes a la actividad.<\/h2><\/div><\/div>\t\t\t\t<\/div>\n\t\t\t\t<\/div>\n\t\t\t\t<div class=\"elementor-element elementor-element-1accb8e elementor-widget-divider--view-line elementor-widget elementor-widget-divider\" data-id=\"1accb8e\" data-element_type=\"widget\" data-e-type=\"widget\" data-widget_type=\"divider.default\">\n\t\t\t\t<div class=\"elementor-widget-container\">\n\t\t\t\t\t\t\t<div class=\"elementor-divider\">\n\t\t\t<span class=\"elementor-divider-separator\">\n\t\t\t\t\t\t<\/span>\n\t\t<\/div>\n\t\t\t\t\t\t<\/div>\n\t\t\t\t<\/div>\n\t\t\t\t<div class=\"elementor-element elementor-element-2bfb163 elementor-widget elementor-widget-elementskit-heading\" data-id=\"2bfb163\" data-element_type=\"widget\" data-e-type=\"widget\" data-widget_type=\"elementskit-heading.default\">\n\t\t\t\t<div class=\"elementor-widget-container\">\n\t\t\t\t\t<div class=\"ekit-wid-con\" ><div class=\"ekit-heading elementskit-section-title-wraper center   ekit_heading_tablet-   ekit_heading_mobile-\">\t\t\t\t<div class='ekit-heading__description'>\n\t\t\t\t\t<p><strong>Cont\u00e1ctanos hoy<\/strong> y descubre c\u00f3mo podemos ayudarte a gestionar los riesgos en el sector del recliclaje.<\/p>\n\t\t\t\t<\/div>\n\t\t\t<\/div><\/div>\t\t\t\t<\/div>\n\t\t\t\t<\/div>\n\t\t\t\t<\/div>\n\t\t\t\t\t<\/div>\n\t\t<\/div>\n\t\t\t\t\t<\/div>\n\t\t<\/section>\n\t\t\t\t<\/div>","protected":false},"excerpt":{"rendered":"<p>Recycle to Breathe: How to Give Waste and the Planet a Second Life With global waste production on the rise, recycling reduces the amount of waste ending up in landfills, and contributes to environmental conservation. By collecting, processing, and reusing materials such as plastic, glass, paper, and metals, the need to extract natural resources is &#8230; <a title=\"Reciclaje\" class=\"read-more\" href=\"https:\/\/jjhasa.com\/es\/industries\/recycling\" aria-label=\"Leer m\u00e1s sobre Recycling\">Leer m\u00e1s<\/a><\/p>","protected":false},"author":1,"featured_media":3587,"parent":473,"menu_order":0,"comment_status":"closed","ping_status":"closed","template":"","meta":{"_acf_changed":false,"postBodyCss":"","postBodyMargin":[],"postBodyPadding":[],"postBodyBackground":{"backgroundType":"classic","gradient":""},"footnotes":""},"class_list":["post-3574","page","type-page","status-publish","has-post-thumbnail"],"acf":[],"yoast_head":"<!-- This site is optimized with the Yoast SEO plugin v27.3 - https:\/\/yoast.com\/product\/yoast-seo-wordpress\/ -->\n<title>Recycling &#187; Jhasa - Insurance and Reinsurance Broker especializada en Construcci\u00f3n y Energ\u00eda.<\/title>\n<meta name=\"robots\" content=\"noindex, nofollow\" \/>\n<meta property=\"og:locale\" content=\"es_ES\" \/>\n<meta property=\"og:type\" content=\"article\" \/>\n<meta property=\"og:title\" content=\"Recycling &#187; Jhasa - Insurance and Reinsurance Broker especializada en Construcci\u00f3n y Energ\u00eda.\" \/>\n<meta property=\"og:description\" content=\"Recycle to Breathe: How to Give Waste and the Planet a Second Life With global waste production on the rise, recycling reduces the amount of waste ending up in landfills, and contributes to environmental conservation. By collecting, processing, and reusing materials such as plastic, glass, paper, and metals, the need to extract natural resources is ... Leer m\u00e1s\" \/>\n<meta property=\"og:url\" content=\"https:\/\/jjhasa.com\/es\/industries\/recycling\/\" \/>\n<meta property=\"og:site_name\" content=\"Jhasa - Insurance and Reinsurance Broker especializada en Construcci\u00f3n y Energ\u00eda.\" \/>\n<meta property=\"article:modified_time\" content=\"2025-06-10T09:34:08+00:00\" \/>\n<meta property=\"og:image\" content=\"https:\/\/jjhasa.com\/wp-content\/uploads\/2025\/04\/Reciclaje-Jhasa-Brokers.webp\" \/>\n\t<meta property=\"og:image:width\" content=\"1920\" \/>\n\t<meta property=\"og:image:height\" content=\"400\" \/>\n\t<meta property=\"og:image:type\" content=\"image\/webp\" \/>\n<meta name=\"twitter:card\" content=\"summary_large_image\" \/>\n<meta name=\"twitter:label1\" content=\"Tiempo de lectura\" \/>\n\t<meta name=\"twitter:data1\" content=\"1 minuto\" \/>\n<script type=\"application\/ld+json\" class=\"yoast-schema-graph\">{\"@context\":\"https:\\\/\\\/schema.org\",\"@graph\":[{\"@type\":\"WebPage\",\"@id\":\"https:\\\/\\\/jjhasa.com\\\/industries\\\/recycling\",\"url\":\"https:\\\/\\\/jjhasa.com\\\/industries\\\/recycling\",\"name\":\"Recycling &#187; Jhasa - Insurance and Reinsurance Broker especializada en Construcci\u00f3n y Energ\u00eda.\",\"isPartOf\":{\"@id\":\"https:\\\/\\\/jjhasa.com\\\/#website\"},\"primaryImageOfPage\":{\"@id\":\"https:\\\/\\\/jjhasa.com\\\/industries\\\/recycling#primaryimage\"},\"image\":{\"@id\":\"https:\\\/\\\/jjhasa.com\\\/industries\\\/recycling#primaryimage\"},\"thumbnailUrl\":\"https:\\\/\\\/jjhasa.com\\\/wp-content\\\/uploads\\\/2025\\\/04\\\/Reciclaje-Jhasa-Brokers.webp\",\"datePublished\":\"2025-04-07T09:51:15+00:00\",\"dateModified\":\"2025-06-10T09:34:08+00:00\",\"breadcrumb\":{\"@id\":\"https:\\\/\\\/jjhasa.com\\\/industries\\\/recycling#breadcrumb\"},\"inLanguage\":\"es\",\"potentialAction\":[{\"@type\":\"ReadAction\",\"target\":[\"https:\\\/\\\/jjhasa.com\\\/industries\\\/recycling\"]}]},{\"@type\":\"ImageObject\",\"inLanguage\":\"es\",\"@id\":\"https:\\\/\\\/jjhasa.com\\\/industries\\\/recycling#primaryimage\",\"url\":\"https:\\\/\\\/jjhasa.com\\\/wp-content\\\/uploads\\\/2025\\\/04\\\/Reciclaje-Jhasa-Brokers.webp\",\"contentUrl\":\"https:\\\/\\\/jjhasa.com\\\/wp-content\\\/uploads\\\/2025\\\/04\\\/Reciclaje-Jhasa-Brokers.webp\",\"width\":1920,\"height\":400},{\"@type\":\"BreadcrumbList\",\"@id\":\"https:\\\/\\\/jjhasa.com\\\/industries\\\/recycling#breadcrumb\",\"itemListElement\":[{\"@type\":\"ListItem\",\"position\":1,\"name\":\"Portada\",\"item\":\"https:\\\/\\\/jjhasa.com\\\/es\\\/\"},{\"@type\":\"ListItem\",\"position\":2,\"name\":\"Industries\",\"item\":\"https:\\\/\\\/jjhasa.com\\\/es\\\/industries\"},{\"@type\":\"ListItem\",\"position\":3,\"name\":\"Recycling\"}]},{\"@type\":\"WebSite\",\"@id\":\"https:\\\/\\\/jjhasa.com\\\/#website\",\"url\":\"https:\\\/\\\/jjhasa.com\\\/\",\"name\":\"Jhasa - Insurance and Reinsurance Broker especializada en Construcci\u00f3n y Energ\u00eda.\",\"description\":\"Jhasa es una corredur\u00eda de seguros y reaseguros especializado en Construcci\u00f3n y Energ\u00eda. Tel\u00e9fono: +34 91 752 76 86\",\"publisher\":{\"@id\":\"https:\\\/\\\/jjhasa.com\\\/#organization\"},\"potentialAction\":[{\"@type\":\"SearchAction\",\"target\":{\"@type\":\"EntryPoint\",\"urlTemplate\":\"https:\\\/\\\/jjhasa.com\\\/?s={search_term_string}\"},\"query-input\":{\"@type\":\"PropertyValueSpecification\",\"valueRequired\":true,\"valueName\":\"search_term_string\"}}],\"inLanguage\":\"es\"},{\"@type\":\"Organization\",\"@id\":\"https:\\\/\\\/jjhasa.com\\\/#organization\",\"name\":\"Jhasa - Insurance and Reinsurance Broker especializada en Construcci\u00f3n y Energ\u00eda.\",\"url\":\"https:\\\/\\\/jjhasa.com\\\/\",\"logo\":{\"@type\":\"ImageObject\",\"inLanguage\":\"es\",\"@id\":\"https:\\\/\\\/jjhasa.com\\\/#\\\/schema\\\/logo\\\/image\\\/\",\"url\":\"https:\\\/\\\/jjhasa.com\\\/wp-content\\\/uploads\\\/2021\\\/11\\\/imagotipo-Jhasa.svg\",\"contentUrl\":\"https:\\\/\\\/jjhasa.com\\\/wp-content\\\/uploads\\\/2021\\\/11\\\/imagotipo-Jhasa.svg\",\"width\":300,\"height\":85,\"caption\":\"Jhasa - Insurance and Reinsurance Broker especializada en Construcci\u00f3n y Energ\u00eda.\"},\"image\":{\"@id\":\"https:\\\/\\\/jjhasa.com\\\/#\\\/schema\\\/logo\\\/image\\\/\"}}]}<\/script>\n<!-- \/ Yoast SEO plugin. -->","yoast_head_json":{"title":"Recycling &#187; Jhasa - Insurance and Reinsurance Broker especializada en Construcci\u00f3n y Energ\u00eda.","robots":{"index":"noindex","follow":"nofollow"},"og_locale":"es_ES","og_type":"article","og_title":"Recycling &#187; Jhasa - Insurance and Reinsurance Broker especializada en Construcci\u00f3n y Energ\u00eda.","og_description":"Recycle to Breathe: How to Give Waste and the Planet a Second Life With global waste production on the rise, recycling reduces the amount of waste ending up in landfills, and contributes to environmental conservation. By collecting, processing, and reusing materials such as plastic, glass, paper, and metals, the need to extract natural resources is ... Leer m\u00e1s","og_url":"https:\/\/jjhasa.com\/es\/industries\/recycling\/","og_site_name":"Jhasa - Insurance and Reinsurance Broker especializada en Construcci\u00f3n y Energ\u00eda.","article_modified_time":"2025-06-10T09:34:08+00:00","og_image":[{"width":1920,"height":400,"url":"https:\/\/jjhasa.com\/wp-content\/uploads\/2025\/04\/Reciclaje-Jhasa-Brokers.webp","type":"image\/webp"}],"twitter_card":"summary_large_image","twitter_misc":{"Tiempo de lectura":"1 minuto"},"schema":{"@context":"https:\/\/schema.org","@graph":[{"@type":"WebPage","@id":"https:\/\/jjhasa.com\/industries\/recycling","url":"https:\/\/jjhasa.com\/industries\/recycling","name":"Recycling &#187; Jhasa - Insurance and Reinsurance Broker especializada en Construcci\u00f3n y Energ\u00eda.","isPartOf":{"@id":"https:\/\/jjhasa.com\/#website"},"primaryImageOfPage":{"@id":"https:\/\/jjhasa.com\/industries\/recycling#primaryimage"},"image":{"@id":"https:\/\/jjhasa.com\/industries\/recycling#primaryimage"},"thumbnailUrl":"https:\/\/jjhasa.com\/wp-content\/uploads\/2025\/04\/Reciclaje-Jhasa-Brokers.webp","datePublished":"2025-04-07T09:51:15+00:00","dateModified":"2025-06-10T09:34:08+00:00","breadcrumb":{"@id":"https:\/\/jjhasa.com\/industries\/recycling#breadcrumb"},"inLanguage":"es","potentialAction":[{"@type":"ReadAction","target":["https:\/\/jjhasa.com\/industries\/recycling"]}]},{"@type":"ImageObject","inLanguage":"es","@id":"https:\/\/jjhasa.com\/industries\/recycling#primaryimage","url":"https:\/\/jjhasa.com\/wp-content\/uploads\/2025\/04\/Reciclaje-Jhasa-Brokers.webp","contentUrl":"https:\/\/jjhasa.com\/wp-content\/uploads\/2025\/04\/Reciclaje-Jhasa-Brokers.webp","width":1920,"height":400},{"@type":"BreadcrumbList","@id":"https:\/\/jjhasa.com\/industries\/recycling#breadcrumb","itemListElement":[{"@type":"ListItem","position":1,"name":"Portada","item":"https:\/\/jjhasa.com\/es\/"},{"@type":"ListItem","position":2,"name":"Industries","item":"https:\/\/jjhasa.com\/es\/industries"},{"@type":"ListItem","position":3,"name":"Recycling"}]},{"@type":"WebSite","@id":"https:\/\/jjhasa.com\/#website","url":"https:\/\/jjhasa.com\/","name":"Jhasa - Insurance and Reinsurance Broker especializada en Construcci\u00f3n y Energ\u00eda.","description":"Jhasa es una corredur\u00eda de seguros y reaseguros especializado en Construcci\u00f3n y Energ\u00eda. Tel\u00e9fono: +34 91 752 76 86","publisher":{"@id":"https:\/\/jjhasa.com\/#organization"},"potentialAction":[{"@type":"SearchAction","target":{"@type":"EntryPoint","urlTemplate":"https:\/\/jjhasa.com\/?s={search_term_string}"},"query-input":{"@type":"PropertyValueSpecification","valueRequired":true,"valueName":"search_term_string"}}],"inLanguage":"es"},{"@type":"Organization","@id":"https:\/\/jjhasa.com\/#organization","name":"Jhasa - Insurance and Reinsurance Broker especializada en Construcci\u00f3n y Energ\u00eda.","url":"https:\/\/jjhasa.com\/","logo":{"@type":"ImageObject","inLanguage":"es","@id":"https:\/\/jjhasa.com\/#\/schema\/logo\/image\/","url":"https:\/\/jjhasa.com\/wp-content\/uploads\/2021\/11\/imagotipo-Jhasa.svg","contentUrl":"https:\/\/jjhasa.com\/wp-content\/uploads\/2021\/11\/imagotipo-Jhasa.svg","width":300,"height":85,"caption":"Jhasa - Insurance and Reinsurance Broker especializada en Construcci\u00f3n y Energ\u00eda."},"image":{"@id":"https:\/\/jjhasa.com\/#\/schema\/logo\/image\/"}}]}},"_links":{"self":[{"href":"https:\/\/jjhasa.com\/es\/wp-json\/wp\/v2\/pages\/3574","targetHints":{"allow":["GET"]}}],"collection":[{"href":"https:\/\/jjhasa.com\/es\/wp-json\/wp\/v2\/pages"}],"about":[{"href":"https:\/\/jjhasa.com\/es\/wp-json\/wp\/v2\/types\/page"}],"author":[{"embeddable":true,"href":"https:\/\/jjhasa.com\/es\/wp-json\/wp\/v2\/users\/1"}],"replies":[{"embeddable":true,"href":"https:\/\/jjhasa.com\/es\/wp-json\/wp\/v2\/comments?post=3574"}],"version-history":[{"count":22,"href":"https:\/\/jjhasa.com\/es\/wp-json\/wp\/v2\/pages\/3574\/revisions"}],"predecessor-version":[{"id":4401,"href":"https:\/\/jjhasa.com\/es\/wp-json\/wp\/v2\/pages\/3574\/revisions\/4401"}],"up":[{"embeddable":true,"href":"https:\/\/jjhasa.com\/es\/wp-json\/wp\/v2\/pages\/473"}],"wp:featuredmedia":[{"embeddable":true,"href":"https:\/\/jjhasa.com\/es\/wp-json\/wp\/v2\/media\/3587"}],"wp:attachment":[{"href":"https:\/\/jjhasa.com\/es\/wp-json\/wp\/v2\/media?parent=3574"}],"curies":[{"name":"wp","href":"https:\/\/api.w.org\/{rel}","templated":true}]}}