{"id":3506,"date":"2025-04-01T11:34:27","date_gmt":"2025-04-01T11:34:27","guid":{"rendered":"https:\/\/jhasabrokers.com\/?page_id=3506"},"modified":"2025-06-10T09:35:34","modified_gmt":"2025-06-10T09:35:34","slug":"technology","status":"publish","type":"page","link":"https:\/\/jjhasa.com\/es\/industries\/technology","title":{"rendered":"Tecnolog\u00eda"},"content":{"rendered":"<div data-elementor-type=\"wp-page\" data-elementor-id=\"3506\" class=\"elementor elementor-3506\" data-elementor-post-type=\"page\">\n\t\t\t\t\t\t<section class=\"elementor-section elementor-top-section elementor-element elementor-element-c819316 elementor-section-full_width elementor-section-content-middle elementor-section-height-default elementor-section-height-default\" data-id=\"c819316\" data-element_type=\"section\" data-e-type=\"section\">\n\t\t\t\t\t\t<div class=\"elementor-container elementor-column-gap-default\">\n\t\t\t\t\t<div class=\"elementor-column elementor-col-100 elementor-top-column elementor-element elementor-element-e632fb2\" data-id=\"e632fb2\" data-element_type=\"column\" data-e-type=\"column\">\n\t\t\t<div class=\"elementor-widget-wrap elementor-element-populated\">\n\t\t\t\t\t\t<div class=\"elementor-element elementor-element-29dede0 elementor-widget elementor-widget-heading\" data-id=\"29dede0\" data-element_type=\"widget\" data-e-type=\"widget\" data-widget_type=\"heading.default\">\n\t\t\t\t<div class=\"elementor-widget-container\">\n\t\t\t\t\t<h2 class=\"elementor-heading-title elementor-size-default\">El sector TECH ha experimentado una evoluci\u00f3n acelerada en las \u00faltimas d\u00e9cadas, transformando la manera en que las personas y las empresas interact\u00faan con el mundo.<\/h2>\t\t\t\t<\/div>\n\t\t\t\t<\/div>\n\t\t\t\t<div class=\"elementor-element elementor-element-c47a341 elementor-widget elementor-widget-text-editor\" data-id=\"c47a341\" data-element_type=\"widget\" data-e-type=\"widget\" data-widget_type=\"text-editor.default\">\n\t\t\t\t<div class=\"elementor-widget-container\">\n\t\t\t\t\t\t\t\t\t<p>Con la llegada de la inteligencia artificial y la computaci\u00f3n cu\u00e1ntica, la tecnolog\u00eda ha revolucionado pr\u00e1cticamente todos los aspectos de la sociedad.<\/p>\t\t\t\t\t\t\t\t<\/div>\n\t\t\t\t<\/div>\n\t\t\t\t\t<\/div>\n\t\t<\/div>\n\t\t\t\t\t<\/div>\n\t\t<\/section>\n\t\t\t\t<section class=\"elementor-section elementor-top-section elementor-element elementor-element-b77dca0 elementor-section-full_width elementor-section-content-middle elementor-section-stretched elementor-reverse-mobile elementor-section-height-default elementor-section-height-default\" data-id=\"b77dca0\" data-element_type=\"section\" data-e-type=\"section\" data-settings=\"{&quot;stretch_section&quot;:&quot;section-stretched&quot;,&quot;background_background&quot;:&quot;classic&quot;}\">\n\t\t\t\t\t\t<div class=\"elementor-container elementor-column-gap-default\">\n\t\t\t\t\t<div class=\"elementor-column elementor-col-50 elementor-top-column elementor-element elementor-element-3547cde\" data-id=\"3547cde\" data-element_type=\"column\" data-e-type=\"column\" data-settings=\"{&quot;background_background&quot;:&quot;classic&quot;}\">\n\t\t\t<div class=\"elementor-widget-wrap elementor-element-populated\">\n\t\t\t\t<div class=\"elementor-element elementor-element-4610038 e-con-full e-flex e-con e-parent\" data-id=\"4610038\" data-element_type=\"container\" data-e-type=\"container\">\n\t\t\t\t<div class=\"elementor-element elementor-element-733a720 elementor-widget elementor-widget-elementskit-heading\" data-id=\"733a720\" data-element_type=\"widget\" data-e-type=\"widget\" data-widget_type=\"elementskit-heading.default\">\n\t\t\t\t<div class=\"elementor-widget-container\">\n\t\t\t\t\t<div class=\"ekit-wid-con\" ><div class=\"ekit-heading elementskit-section-title-wraper text_left   ekit_heading_tablet-   ekit_heading_mobile-\"><h2 class=\"ekit-heading--title elementskit-section-title\"> La digitalizaci\u00f3n ha permitido el desarrollo de dispositivos inteligentes, automatizaci\u00f3n de procesos y conectividad global a trav\u00e9s de redes de alta velocidad.<\/h2><div class=\"ekit_heading_separetor_wraper ekit_heading_elementskit-border-divider ekit-dotted\"><div class=\"elementskit-border-divider ekit-dotted\"><\/div><\/div><\/div><\/div>\t\t\t\t<\/div>\n\t\t\t\t<\/div>\n\t\t\t\t<div class=\"elementor-element elementor-element-ef9825b elementor-align-start elementor-widget__width-initial elementor-icon-list--layout-traditional elementor-list-item-link-full_width elementor-widget elementor-widget-icon-list\" data-id=\"ef9825b\" data-element_type=\"widget\" data-e-type=\"widget\" data-widget_type=\"icon-list.default\">\n\t\t\t\t<div class=\"elementor-widget-container\">\n\t\t\t\t\t\t\t<ul class=\"elementor-icon-list-items\">\n\t\t\t\t\t\t\t<li class=\"elementor-icon-list-item\">\n\t\t\t\t\t\t\t\t\t\t\t<span class=\"elementor-icon-list-icon\">\n\t\t\t\t\t\t\t<svg aria-hidden=\"true\" class=\"e-font-icon-svg e-fas-check\" viewbox=\"0 0 512 512\" xmlns=\"http:\/\/www.w3.org\/2000\/svg\"><path d=\"M173.898 439.404l-166.4-166.4c-9.997-9.997-9.997-26.206 0-36.204l36.203-36.204c9.997-9.998 26.207-9.998 36.204 0L192 312.69 432.095 72.596c9.997-9.997 26.207-9.997 36.204 0l36.203 36.204c9.997 9.997 9.997 26.206 0 36.204l-294.4 294.401c-9.998 9.997-26.207 9.997-36.204-.001z\"><\/path><\/svg>\t\t\t\t\t\t<\/span>\n\t\t\t\t\t\t\t\t\t\t<span class=\"elementor-icon-list-text\">Adem\u00e1s, la adopci\u00f3n de tecnolog\u00edas como el big data, la realidad aumentada y la rob\u00f3tica ha impulsado la eficiencia en sectores como la salud, la educaci\u00f3n, la industria y el comercio.<\/span>\n\t\t\t\t\t\t\t\t\t<\/li>\n\t\t\t\t\t\t\t\t<li class=\"elementor-icon-list-item\">\n\t\t\t\t\t\t\t\t\t\t\t<span class=\"elementor-icon-list-icon\">\n\t\t\t\t\t\t\t<svg aria-hidden=\"true\" class=\"e-font-icon-svg e-fas-check\" viewbox=\"0 0 512 512\" xmlns=\"http:\/\/www.w3.org\/2000\/svg\"><path d=\"M173.898 439.404l-166.4-166.4c-9.997-9.997-9.997-26.206 0-36.204l36.203-36.204c9.997-9.998 26.207-9.998 36.204 0L192 312.69 432.095 72.596c9.997-9.997 26.207-9.997 36.204 0l36.203 36.204c9.997 9.997 9.997 26.206 0 36.204l-294.4 294.401c-9.998 9.997-26.207 9.997-36.204-.001z\"><\/path><\/svg>\t\t\t\t\t\t<\/span>\n\t\t\t\t\t\t\t\t\t\t<span class=\"elementor-icon-list-text\">Con avances constantes en inteligencia artificial, biotecnolog\u00eda y telecomunicaciones, el sector tecnol\u00f3gico contin\u00faa evolucionando, dando forma a un futuro m\u00e1s interconectado, automatizado e innovador.<\/span>\n\t\t\t\t\t\t\t\t\t<\/li>\n\t\t\t\t\t\t\t\t<li class=\"elementor-icon-list-item\">\n\t\t\t\t\t\t\t\t\t\t\t<span class=\"elementor-icon-list-icon\">\n\t\t\t\t\t\t\t<svg aria-hidden=\"true\" class=\"e-font-icon-svg e-fas-check\" viewbox=\"0 0 512 512\" xmlns=\"http:\/\/www.w3.org\/2000\/svg\"><path d=\"M173.898 439.404l-166.4-166.4c-9.997-9.997-9.997-26.206 0-36.204l36.203-36.204c9.997-9.998 26.207-9.998 36.204 0L192 312.69 432.095 72.596c9.997-9.997 26.207-9.997 36.204 0l36.203 36.204c9.997 9.997 9.997 26.206 0 36.204l-294.4 294.401c-9.998 9.997-26.207 9.997-36.204-.001z\"><\/path><\/svg>\t\t\t\t\t\t<\/span>\n\t\t\t\t\t\t\t\t\t\t<span class=\"elementor-icon-list-text\">Por todo ello, el sector se enfrenta desaf\u00edos como <strong>ciberataques, robo de datos, fallos en el software y disputas por propiedad intelectual.<\/strong><\/span>\n\t\t\t\t\t\t\t\t\t<\/li>\n\t\t\t\t\t\t<\/ul>\n\t\t\t\t\t\t<\/div>\n\t\t\t\t<\/div>\n\t\t\t\t<\/div>\n\t\t\t\t\t<\/div>\n\t\t<\/div>\n\t\t\t\t<div class=\"elementor-column elementor-col-50 elementor-top-column elementor-element elementor-element-714021d\" data-id=\"714021d\" data-element_type=\"column\" data-e-type=\"column\" data-settings=\"{&quot;background_background&quot;:&quot;classic&quot;}\">\n\t\t\t<div class=\"elementor-widget-wrap\">\n\t\t\t\t\t\t\t<\/div>\n\t\t<\/div>\n\t\t\t\t\t<\/div>\n\t\t<\/section>\n\t\t\t\t<section class=\"elementor-section elementor-top-section elementor-element elementor-element-861b006 elementor-section-full_width elementor-section-height-min-height elementor-section-stretched elementor-section-content-middle elementor-section-height-default elementor-section-items-middle\" data-id=\"861b006\" data-element_type=\"section\" data-e-type=\"section\" data-settings=\"{&quot;stretch_section&quot;:&quot;section-stretched&quot;,&quot;background_background&quot;:&quot;classic&quot;}\">\n\t\t\t\t\t\t\t<div class=\"elementor-background-overlay\"><\/div>\n\t\t\t\t\t\t\t<div class=\"elementor-container elementor-column-gap-default\">\n\t\t\t\t\t<div class=\"elementor-column elementor-col-100 elementor-top-column elementor-element elementor-element-a3279fd\" data-id=\"a3279fd\" data-element_type=\"column\" data-e-type=\"column\">\n\t\t\t<div class=\"elementor-widget-wrap elementor-element-populated\">\n\t\t\t\t<div class=\"elementor-element elementor-element-c2b6d1c e-con-full e-flex e-con e-parent\" data-id=\"c2b6d1c\" data-element_type=\"container\" data-e-type=\"container\" data-settings=\"{&quot;background_background&quot;:&quot;classic&quot;}\">\n\t\t\t\t<div class=\"elementor-element elementor-element-2fdf369 elementor-widget-divider--view-line elementor-widget elementor-widget-divider\" data-id=\"2fdf369\" data-element_type=\"widget\" data-e-type=\"widget\" data-widget_type=\"divider.default\">\n\t\t\t\t<div class=\"elementor-widget-container\">\n\t\t\t\t\t\t\t<div class=\"elementor-divider\">\n\t\t\t<span class=\"elementor-divider-separator\">\n\t\t\t\t\t\t<\/span>\n\t\t<\/div>\n\t\t\t\t\t\t<\/div>\n\t\t\t\t<\/div>\n\t\t\t\t<div class=\"elementor-element elementor-element-b9e5d8a elementor-widget elementor-widget-elementskit-heading\" data-id=\"b9e5d8a\" data-element_type=\"widget\" data-e-type=\"widget\" data-widget_type=\"elementskit-heading.default\">\n\t\t\t\t<div class=\"elementor-widget-container\">\n\t\t\t\t\t<div class=\"ekit-wid-con\" ><div class=\"ekit-heading elementskit-section-title-wraper text_center   ekit_heading_tablet-   ekit_heading_mobile-\">\t\t\t\t<div class='ekit-heading__description'>\n\t\t\t\t\t<p>En <strong>JHASA,<\/strong> ofrecemos <strong>soluciones de seguros especializadas<\/strong> para proteger a <strong>startups, empresas de software, plataformas digitales y compa\u00f1\u00edas de tecnolog\u00eda avanzada<\/strong> ante los riesgos propios del sector.<\/p>\n<p>Cont\u00e1ctanos hoy y descubre c\u00f3mo podemos ayudarte a proteger tu empresa en el ecosistema tecnol\u00f3gico.<\/p>\n\t\t\t\t<\/div>\n\t\t\t<\/div><\/div>\t\t\t\t<\/div>\n\t\t\t\t<\/div>\n\t\t\t\t<\/div>\n\t\t\t\t\t<\/div>\n\t\t<\/div>\n\t\t\t\t\t<\/div>\n\t\t<\/section>\n\t\t\t\t<\/div>","protected":false},"excerpt":{"rendered":"<p>The tech sector has experienced rapid development in recent decades, thereby transforming the way people and businesses interact with the world With the advent of artificial intelligence and quantum computing, technology has revolutionised virtually every aspect of society. Digitalisation has allowed the development of smart devices, process automation and global connectivity via high-speed networks Furthermore, &#8230; <a title=\"Tecnolog\u00eda\" class=\"read-more\" href=\"https:\/\/jjhasa.com\/es\/industries\/technology\" aria-label=\"Leer m\u00e1s sobre Technology\">Leer m\u00e1s<\/a><\/p>","protected":false},"author":1,"featured_media":3508,"parent":473,"menu_order":0,"comment_status":"closed","ping_status":"closed","template":"","meta":{"_acf_changed":false,"postBodyCss":"","postBodyMargin":[],"postBodyPadding":[],"postBodyBackground":{"backgroundType":"classic","gradient":""},"footnotes":""},"class_list":["post-3506","page","type-page","status-publish","has-post-thumbnail"],"acf":[],"yoast_head":"<!-- This site is optimized with the Yoast SEO plugin v27.3 - https:\/\/yoast.com\/product\/yoast-seo-wordpress\/ -->\n<title>Insurance for Tech and Industrial &#187; Jhasa Brokers<\/title>\n<meta name=\"description\" content=\"We protect startups and tech industries against cyberattacks, software errors, and other risks in today\u2019s digital ecosystem.\" \/>\n<meta name=\"robots\" content=\"noindex, nofollow\" \/>\n<meta property=\"og:locale\" content=\"es_ES\" \/>\n<meta property=\"og:type\" content=\"article\" \/>\n<meta property=\"og:title\" content=\"Insurance for Tech and Industrial &#187; Jhasa Brokers\" \/>\n<meta property=\"og:description\" content=\"We protect startups and tech industries against cyberattacks, software errors, and other risks in today\u2019s digital ecosystem.\" \/>\n<meta property=\"og:url\" content=\"https:\/\/jjhasa.com\/es\/industries\/technology\/\" \/>\n<meta property=\"og:site_name\" content=\"Jhasa - Insurance and Reinsurance Broker especializada en Construcci\u00f3n y Energ\u00eda.\" \/>\n<meta property=\"article:modified_time\" content=\"2025-06-10T09:35:34+00:00\" \/>\n<meta property=\"og:image\" content=\"https:\/\/jjhasa.com\/wp-content\/uploads\/2025\/04\/Technology-seguridad-jhasa-brokers.webp\" \/>\n\t<meta property=\"og:image:width\" content=\"1920\" \/>\n\t<meta property=\"og:image:height\" content=\"400\" \/>\n\t<meta property=\"og:image:type\" content=\"image\/webp\" \/>\n<meta name=\"twitter:card\" content=\"summary_large_image\" \/>\n<meta name=\"twitter:label1\" content=\"Tiempo de lectura\" \/>\n\t<meta name=\"twitter:data1\" content=\"1 minuto\" \/>\n<script type=\"application\/ld+json\" class=\"yoast-schema-graph\">{\"@context\":\"https:\\\/\\\/schema.org\",\"@graph\":[{\"@type\":\"WebPage\",\"@id\":\"https:\\\/\\\/jjhasa.com\\\/industries\\\/technology\",\"url\":\"https:\\\/\\\/jjhasa.com\\\/industries\\\/technology\",\"name\":\"Insurance for Tech and Industrial &#187; Jhasa Brokers\",\"isPartOf\":{\"@id\":\"https:\\\/\\\/jjhasa.com\\\/#website\"},\"primaryImageOfPage\":{\"@id\":\"https:\\\/\\\/jjhasa.com\\\/industries\\\/technology#primaryimage\"},\"image\":{\"@id\":\"https:\\\/\\\/jjhasa.com\\\/industries\\\/technology#primaryimage\"},\"thumbnailUrl\":\"https:\\\/\\\/jjhasa.com\\\/wp-content\\\/uploads\\\/2025\\\/04\\\/Technology-seguridad-jhasa-brokers.webp\",\"datePublished\":\"2025-04-01T11:34:27+00:00\",\"dateModified\":\"2025-06-10T09:35:34+00:00\",\"description\":\"We protect startups and tech industries against cyberattacks, software errors, and other risks in today\u2019s digital ecosystem.\",\"breadcrumb\":{\"@id\":\"https:\\\/\\\/jjhasa.com\\\/industries\\\/technology#breadcrumb\"},\"inLanguage\":\"es\",\"potentialAction\":[{\"@type\":\"ReadAction\",\"target\":[\"https:\\\/\\\/jjhasa.com\\\/industries\\\/technology\"]}]},{\"@type\":\"ImageObject\",\"inLanguage\":\"es\",\"@id\":\"https:\\\/\\\/jjhasa.com\\\/industries\\\/technology#primaryimage\",\"url\":\"https:\\\/\\\/jjhasa.com\\\/wp-content\\\/uploads\\\/2025\\\/04\\\/Technology-seguridad-jhasa-brokers.webp\",\"contentUrl\":\"https:\\\/\\\/jjhasa.com\\\/wp-content\\\/uploads\\\/2025\\\/04\\\/Technology-seguridad-jhasa-brokers.webp\",\"width\":1920,\"height\":400},{\"@type\":\"BreadcrumbList\",\"@id\":\"https:\\\/\\\/jjhasa.com\\\/industries\\\/technology#breadcrumb\",\"itemListElement\":[{\"@type\":\"ListItem\",\"position\":1,\"name\":\"Portada\",\"item\":\"https:\\\/\\\/jjhasa.com\\\/es\\\/\"},{\"@type\":\"ListItem\",\"position\":2,\"name\":\"Industries\",\"item\":\"https:\\\/\\\/jjhasa.com\\\/es\\\/industries\"},{\"@type\":\"ListItem\",\"position\":3,\"name\":\"Technology\"}]},{\"@type\":\"WebSite\",\"@id\":\"https:\\\/\\\/jjhasa.com\\\/#website\",\"url\":\"https:\\\/\\\/jjhasa.com\\\/\",\"name\":\"Jhasa - Insurance and Reinsurance Broker especializada en Construcci\u00f3n y Energ\u00eda.\",\"description\":\"Jhasa es una corredur\u00eda de seguros y reaseguros especializado en Construcci\u00f3n y Energ\u00eda. Tel\u00e9fono: +34 91 752 76 86\",\"publisher\":{\"@id\":\"https:\\\/\\\/jjhasa.com\\\/#organization\"},\"potentialAction\":[{\"@type\":\"SearchAction\",\"target\":{\"@type\":\"EntryPoint\",\"urlTemplate\":\"https:\\\/\\\/jjhasa.com\\\/?s={search_term_string}\"},\"query-input\":{\"@type\":\"PropertyValueSpecification\",\"valueRequired\":true,\"valueName\":\"search_term_string\"}}],\"inLanguage\":\"es\"},{\"@type\":\"Organization\",\"@id\":\"https:\\\/\\\/jjhasa.com\\\/#organization\",\"name\":\"Jhasa - Insurance and Reinsurance Broker especializada en Construcci\u00f3n y Energ\u00eda.\",\"url\":\"https:\\\/\\\/jjhasa.com\\\/\",\"logo\":{\"@type\":\"ImageObject\",\"inLanguage\":\"es\",\"@id\":\"https:\\\/\\\/jjhasa.com\\\/#\\\/schema\\\/logo\\\/image\\\/\",\"url\":\"https:\\\/\\\/jjhasa.com\\\/wp-content\\\/uploads\\\/2021\\\/11\\\/imagotipo-Jhasa.svg\",\"contentUrl\":\"https:\\\/\\\/jjhasa.com\\\/wp-content\\\/uploads\\\/2021\\\/11\\\/imagotipo-Jhasa.svg\",\"width\":300,\"height\":85,\"caption\":\"Jhasa - Insurance and Reinsurance Broker especializada en Construcci\u00f3n y Energ\u00eda.\"},\"image\":{\"@id\":\"https:\\\/\\\/jjhasa.com\\\/#\\\/schema\\\/logo\\\/image\\\/\"}}]}<\/script>\n<!-- \/ Yoast SEO plugin. -->","yoast_head_json":{"title":"Insurance for Tech and Industrial &#187; Jhasa Brokers","description":"We protect startups and tech industries against cyberattacks, software errors, and other risks in today\u2019s digital ecosystem.","robots":{"index":"noindex","follow":"nofollow"},"og_locale":"es_ES","og_type":"article","og_title":"Insurance for Tech and Industrial &#187; Jhasa Brokers","og_description":"We protect startups and tech industries against cyberattacks, software errors, and other risks in today\u2019s digital ecosystem.","og_url":"https:\/\/jjhasa.com\/es\/industries\/technology\/","og_site_name":"Jhasa - Insurance and Reinsurance Broker especializada en Construcci\u00f3n y Energ\u00eda.","article_modified_time":"2025-06-10T09:35:34+00:00","og_image":[{"width":1920,"height":400,"url":"https:\/\/jjhasa.com\/wp-content\/uploads\/2025\/04\/Technology-seguridad-jhasa-brokers.webp","type":"image\/webp"}],"twitter_card":"summary_large_image","twitter_misc":{"Tiempo de lectura":"1 minuto"},"schema":{"@context":"https:\/\/schema.org","@graph":[{"@type":"WebPage","@id":"https:\/\/jjhasa.com\/industries\/technology","url":"https:\/\/jjhasa.com\/industries\/technology","name":"Insurance for Tech and Industrial &#187; Jhasa Brokers","isPartOf":{"@id":"https:\/\/jjhasa.com\/#website"},"primaryImageOfPage":{"@id":"https:\/\/jjhasa.com\/industries\/technology#primaryimage"},"image":{"@id":"https:\/\/jjhasa.com\/industries\/technology#primaryimage"},"thumbnailUrl":"https:\/\/jjhasa.com\/wp-content\/uploads\/2025\/04\/Technology-seguridad-jhasa-brokers.webp","datePublished":"2025-04-01T11:34:27+00:00","dateModified":"2025-06-10T09:35:34+00:00","description":"We protect startups and tech industries against cyberattacks, software errors, and other risks in today\u2019s digital ecosystem.","breadcrumb":{"@id":"https:\/\/jjhasa.com\/industries\/technology#breadcrumb"},"inLanguage":"es","potentialAction":[{"@type":"ReadAction","target":["https:\/\/jjhasa.com\/industries\/technology"]}]},{"@type":"ImageObject","inLanguage":"es","@id":"https:\/\/jjhasa.com\/industries\/technology#primaryimage","url":"https:\/\/jjhasa.com\/wp-content\/uploads\/2025\/04\/Technology-seguridad-jhasa-brokers.webp","contentUrl":"https:\/\/jjhasa.com\/wp-content\/uploads\/2025\/04\/Technology-seguridad-jhasa-brokers.webp","width":1920,"height":400},{"@type":"BreadcrumbList","@id":"https:\/\/jjhasa.com\/industries\/technology#breadcrumb","itemListElement":[{"@type":"ListItem","position":1,"name":"Portada","item":"https:\/\/jjhasa.com\/es\/"},{"@type":"ListItem","position":2,"name":"Industries","item":"https:\/\/jjhasa.com\/es\/industries"},{"@type":"ListItem","position":3,"name":"Technology"}]},{"@type":"WebSite","@id":"https:\/\/jjhasa.com\/#website","url":"https:\/\/jjhasa.com\/","name":"Jhasa - Insurance and Reinsurance Broker especializada en Construcci\u00f3n y Energ\u00eda.","description":"Jhasa es una corredur\u00eda de seguros y reaseguros especializado en Construcci\u00f3n y Energ\u00eda. Tel\u00e9fono: +34 91 752 76 86","publisher":{"@id":"https:\/\/jjhasa.com\/#organization"},"potentialAction":[{"@type":"SearchAction","target":{"@type":"EntryPoint","urlTemplate":"https:\/\/jjhasa.com\/?s={search_term_string}"},"query-input":{"@type":"PropertyValueSpecification","valueRequired":true,"valueName":"search_term_string"}}],"inLanguage":"es"},{"@type":"Organization","@id":"https:\/\/jjhasa.com\/#organization","name":"Jhasa - Insurance and Reinsurance Broker especializada en Construcci\u00f3n y Energ\u00eda.","url":"https:\/\/jjhasa.com\/","logo":{"@type":"ImageObject","inLanguage":"es","@id":"https:\/\/jjhasa.com\/#\/schema\/logo\/image\/","url":"https:\/\/jjhasa.com\/wp-content\/uploads\/2021\/11\/imagotipo-Jhasa.svg","contentUrl":"https:\/\/jjhasa.com\/wp-content\/uploads\/2021\/11\/imagotipo-Jhasa.svg","width":300,"height":85,"caption":"Jhasa - Insurance and Reinsurance Broker especializada en Construcci\u00f3n y Energ\u00eda."},"image":{"@id":"https:\/\/jjhasa.com\/#\/schema\/logo\/image\/"}}]}},"_links":{"self":[{"href":"https:\/\/jjhasa.com\/es\/wp-json\/wp\/v2\/pages\/3506","targetHints":{"allow":["GET"]}}],"collection":[{"href":"https:\/\/jjhasa.com\/es\/wp-json\/wp\/v2\/pages"}],"about":[{"href":"https:\/\/jjhasa.com\/es\/wp-json\/wp\/v2\/types\/page"}],"author":[{"embeddable":true,"href":"https:\/\/jjhasa.com\/es\/wp-json\/wp\/v2\/users\/1"}],"replies":[{"embeddable":true,"href":"https:\/\/jjhasa.com\/es\/wp-json\/wp\/v2\/comments?post=3506"}],"version-history":[{"count":25,"href":"https:\/\/jjhasa.com\/es\/wp-json\/wp\/v2\/pages\/3506\/revisions"}],"predecessor-version":[{"id":4407,"href":"https:\/\/jjhasa.com\/es\/wp-json\/wp\/v2\/pages\/3506\/revisions\/4407"}],"up":[{"embeddable":true,"href":"https:\/\/jjhasa.com\/es\/wp-json\/wp\/v2\/pages\/473"}],"wp:featuredmedia":[{"embeddable":true,"href":"https:\/\/jjhasa.com\/es\/wp-json\/wp\/v2\/media\/3508"}],"wp:attachment":[{"href":"https:\/\/jjhasa.com\/es\/wp-json\/wp\/v2\/media?parent=3506"}],"curies":[{"name":"wp","href":"https:\/\/api.w.org\/{rel}","templated":true}]}}